{"id":14104,"date":"2025-10-09T09:50:04","date_gmt":"2025-10-09T09:50:04","guid":{"rendered":"http:\/\/hexexist.com\/product\/sevgili-flipbook-pdf-flipbook-3d-flipbook-pdf-gomme-pdf-goruntuleyici\/"},"modified":"2025-10-09T09:50:04","modified_gmt":"2025-10-09T09:50:04","slug":"sevgili-flipbook-pdf-flipbook-3d-flipbook-pdf-gomme-pdf-goruntuleyici","status":"publish","type":"product","link":"https:\/\/hexexist.com\/tr\/urun\/sevgili-flipbook-pdf-flipbook-3d-flipbook-pdf-gomme-pdf-goruntuleyici\/","title":{"rendered":"Sevgili Flipbook PDF Flipbook, 3D Flipbook, PDF g\u00f6mme, PDF g\u00f6r\u00fcnt\u00fcleyici"},"content":{"rendered":"<p>Kullan\u0131c\u0131 dostu 3D flipbook WordPress eklentisi Dear Flipbook (DearFlip) ile tan\u0131\u015f\u0131n. Sadece PDF ba\u011flant\u0131s\u0131n\u0131 sa\u011flay\u0131n ve Dear Flipbook PDF&#8217;nizi s\u00fcr\u00fckleyici bir 3D flipbook&#8217;a d\u00f6n\u00fc\u015ft\u00fcrecektir. WordPress&#8217;te b\u00fcy\u00fcleyici flipbook&#8217;lar olu\u015fturmak i\u00e7in en basit \u00e7\u00f6z\u00fcmd\u00fcr. 3D flipbook, 2D flipbook, resim flipbook, PDF flipbook ve portf\u00f6y flipbooklar\u0131 dahil olmak \u00fczere \u00e7e\u015fitli flipbook stilleri aras\u0131ndan se\u00e7im yap\u0131n.   <\/p>\n","protected":false},"excerpt":{"rendered":"<p>Kullan\u0131c\u0131 dostu 3D flipbook WordPress eklentisi Dear Flipbook (DearFlip) ile tan\u0131\u015f\u0131n. Sadece PDF ba\u011flant\u0131s\u0131n\u0131 sa\u011flay\u0131n ve Dear Flipbook PDF&#8217;nizi s\u00fcr\u00fckleyici bir 3D flipbook&#8217;a d\u00f6n\u00fc\u015ft\u00fcrecektir. WordPress&#8217;te b\u00fcy\u00fcleyici flipbook&#8217;lar olu\u015fturmak i\u00e7in en basit \u00e7\u00f6z\u00fcmd\u00fcr. 3D flipbook, 2D flipbook, resim flipbook, PDF flipbook ve portf\u00f6y flipbooklar\u0131 dahil olmak \u00fczere \u00e7e\u015fitli flipbook stilleri aras\u0131ndan se\u00e7im yap\u0131n.<\/p>\n","protected":false},"featured_media":13105,"comment_status":"open","ping_status":"closed","template":"","meta":[],"product_brand":[],"product_cat":[1413],"product_tag":[2454,1677,1678,1679,1676],"class_list":{"0":"post-14104","1":"product","2":"type-product","3":"status-publish","4":"has-post-thumbnail","6":"product_cat-eklentiler","7":"product_tag-3-boyutlu-flipbook","8":"product_tag-cevirmeli-kitap","9":"product_tag-flipbook-tr","10":"product_tag-pdf-flipbook-tr","11":"product_tag-pdf-goruntuleyici","13":"first","14":"instock","15":"downloadable","16":"virtual","17":"product-type-simple"},"_links":{"self":[{"href":"https:\/\/hexexist.com\/tr\/wp-json\/wp\/v2\/product\/14104","targetHints":{"allow":["GET"]}}],"collection":[{"href":"https:\/\/hexexist.com\/tr\/wp-json\/wp\/v2\/product"}],"about":[{"href":"https:\/\/hexexist.com\/tr\/wp-json\/wp\/v2\/types\/product"}],"replies":[{"embeddable":true,"href":"https:\/\/hexexist.com\/tr\/wp-json\/wp\/v2\/comments?post=14104"}],"wp:featuredmedia":[{"embeddable":true,"href":"https:\/\/hexexist.com\/tr\/wp-json\/wp\/v2\/media\/13105"}],"wp:attachment":[{"href":"https:\/\/hexexist.com\/tr\/wp-json\/wp\/v2\/media?parent=14104"}],"wp:term":[{"taxonomy":"product_brand","embeddable":true,"href":"https:\/\/hexexist.com\/tr\/wp-json\/wp\/v2\/product_brand?post=14104"},{"taxonomy":"product_cat","embeddable":true,"href":"https:\/\/hexexist.com\/tr\/wp-json\/wp\/v2\/product_cat?post=14104"},{"taxonomy":"product_tag","embeddable":true,"href":"https:\/\/hexexist.com\/tr\/wp-json\/wp\/v2\/product_tag?post=14104"}],"curies":[{"name":"wp","href":"https:\/\/api.w.org\/{rel}","templated":true}]}}