{"id":14105,"date":"2025-10-09T09:50:05","date_gmt":"2025-10-09T09:50:05","guid":{"rendered":"http:\/\/hexexist.com\/product\/migrate-guru-site-tasima-ve-klonlama\/"},"modified":"2025-10-09T09:50:05","modified_gmt":"2025-10-09T09:50:05","slug":"migrate-guru-site-tasima-ve-klonlama","status":"publish","type":"product","link":"https:\/\/hexexist.com\/tr\/urun\/migrate-guru-site-tasima-ve-klonlama\/","title":{"rendered":"Migrate Guru Site Ta\u015f\u0131ma ve Klonlama"},"content":{"rendered":"<p>Migrate Guru, WordPress sitenizi yeni bir ana bilgisayara veya etki alan\u0131na sorunsuz bir \u015fekilde aktarmak i\u00e7in tasarlanm\u0131\u015f g\u00fc\u00e7l\u00fc bir WordPress ge\u00e7i\u015f eklentisidir. WordPress web sitenizi klonlaman\u0131z, ta\u015f\u0131man\u0131z veya ta\u015f\u0131man\u0131z gerekip gerekmedi\u011fine bak\u0131lmaks\u0131z\u0131n, Migrate Guru tek t\u0131klamayla ta\u015f\u0131ma \u00f6zelli\u011fi ile sorunsuz bir s\u00fcre\u00e7 sa\u011flar. Bu eklenti hepsi bir arada WP ge\u00e7i\u015flerini destekler ve sunucunuzu a\u015f\u0131r\u0131 y\u00fcklemeden 200 GB&#8217;a kadar b\u00fcy\u00fck siteleri i\u015fler. T\u00fcm b\u00fcy\u00fck web hostlar\u0131yla uyumlu olan ve otomatik URL yeniden yazma ve serile\u015ftirilmi\u015f veri i\u015fleme \u00f6zellikleriyle donat\u0131lan bu eklenti, WordPress sitelerini yeni alan adlar\u0131na veya hostlara ta\u015f\u0131mak i\u00e7in ba\u015fvurulacak bir ara\u00e7t\u0131r. Ak\u0131ll\u0131, h\u0131zl\u0131 ve g\u00fcvenli WordPress ta\u015f\u0131y\u0131c\u0131 ve yedekleme eklentisi Migrate Guru ile WordPress sitenizi ta\u015f\u0131y\u0131n, klonlay\u0131n veya g\u00f6\u00e7 ettirin.<\/p>\n","protected":false},"excerpt":{"rendered":"<p>Migrate Guru, WordPress sitenizi yeni bir ana bilgisayara veya etki alan\u0131na sorunsuz bir \u015fekilde aktarmak i\u00e7in tasarlanm\u0131\u015f g\u00fc\u00e7l\u00fc bir WordPress ge\u00e7i\u015f eklentisidir. WordPress web sitenizi klonlaman\u0131z, ta\u015f\u0131man\u0131z veya ta\u015f\u0131man\u0131z gerekip gerekmedi\u011fine bak\u0131lmaks\u0131z\u0131n, Migrate Guru tek t\u0131klamayla ta\u015f\u0131ma \u00f6zelli\u011fi ile sorunsuz bir s\u00fcre\u00e7 sa\u011flar. Bu eklenti hepsi bir arada WP ge\u00e7i\u015flerini destekler ve sunucunuzu a\u015f\u0131r\u0131 y\u00fcklemeden [&hellip;]<\/p>\n","protected":false},"featured_media":13113,"comment_status":"open","ping_status":"closed","template":"","meta":[],"product_brand":[],"product_cat":[1413],"product_tag":[1765,1943,1761,1847],"class_list":{"0":"post-14105","1":"product","2":"type-product","3":"status-publish","4":"has-post-thumbnail","6":"product_cat-eklentiler","7":"product_tag-goc","8":"product_tag-goc-etmek","9":"product_tag-klon","10":"product_tag-kopya","12":"first","13":"instock","14":"downloadable","15":"virtual","16":"product-type-simple"},"_links":{"self":[{"href":"https:\/\/hexexist.com\/tr\/wp-json\/wp\/v2\/product\/14105","targetHints":{"allow":["GET"]}}],"collection":[{"href":"https:\/\/hexexist.com\/tr\/wp-json\/wp\/v2\/product"}],"about":[{"href":"https:\/\/hexexist.com\/tr\/wp-json\/wp\/v2\/types\/product"}],"replies":[{"embeddable":true,"href":"https:\/\/hexexist.com\/tr\/wp-json\/wp\/v2\/comments?post=14105"}],"wp:featuredmedia":[{"embeddable":true,"href":"https:\/\/hexexist.com\/tr\/wp-json\/wp\/v2\/media\/13113"}],"wp:attachment":[{"href":"https:\/\/hexexist.com\/tr\/wp-json\/wp\/v2\/media?parent=14105"}],"wp:term":[{"taxonomy":"product_brand","embeddable":true,"href":"https:\/\/hexexist.com\/tr\/wp-json\/wp\/v2\/product_brand?post=14105"},{"taxonomy":"product_cat","embeddable":true,"href":"https:\/\/hexexist.com\/tr\/wp-json\/wp\/v2\/product_cat?post=14105"},{"taxonomy":"product_tag","embeddable":true,"href":"https:\/\/hexexist.com\/tr\/wp-json\/wp\/v2\/product_tag?post=14105"}],"curies":[{"name":"wp","href":"https:\/\/api.w.org\/{rel}","templated":true}]}}