{"id":14106,"date":"2025-10-09T09:50:05","date_gmt":"2025-10-09T09:50:05","guid":{"rendered":"http:\/\/hexexist.com\/product\/duzen-izgara-blogu\/"},"modified":"2025-10-09T09:50:05","modified_gmt":"2025-10-09T09:50:05","slug":"duzen-izgara-blogu","status":"publish","type":"product","link":"https:\/\/hexexist.com\/tr\/urun\/duzen-izgara-blogu\/","title":{"rendered":"D\u00fczen Izgara Blo\u011fu"},"content":{"rendered":"<p>Kolayca \u00f6zelle\u015ftirilebilen s\u00fctun geni\u015fli\u011fi ve konumlar\u0131yla s\u00fctun tabanl\u0131 bir d\u00fczen mi olu\u015fturmak istiyorsunuz? Ya da belki de i\u00e7eri\u011finizi yaz\u0131n\u0131z genelinde genel bir d\u00fczen \u0131zgaras\u0131na hizalamak istiyorsunuz. Bu D\u00fczen Izgaras\u0131 blo\u011fu ile her ikisini de yapabilirsiniz. Mobil veya tablet kesme noktalar\u0131na \u00f6zel d\u00fczenler sa\u011flamak i\u00e7in se\u00e7enekler de vard\u0131r. Bir s\u00fctun say\u0131s\u0131 (1-4) se\u00e7in, ard\u0131ndan devam edin ve her s\u00fctunu herhangi bir ekran i\u00e7in g\u00f6r\u00fcnmesini istedi\u011finiz \u015fekilde yeniden boyutland\u0131r\u0131n ve konumland\u0131r\u0131n. \u0130ste\u011fe ba\u011fl\u0131 olarak vurgu eklemek i\u00e7in arka plan renkleri ve dolgular uygulay\u0131n.     <\/p>\n","protected":false},"excerpt":{"rendered":"<p>Kolayca \u00f6zelle\u015ftirilebilen s\u00fctun geni\u015fli\u011fi ve konumlar\u0131yla s\u00fctun tabanl\u0131 bir d\u00fczen mi olu\u015fturmak istiyorsunuz? Ya da belki de i\u00e7eri\u011finizi yaz\u0131n\u0131z genelinde genel bir d\u00fczen \u0131zgaras\u0131na hizalamak istiyorsunuz. Bu D\u00fczen Izgaras\u0131 blo\u011fu ile her ikisini de yapabilirsiniz. Mobil veya tablet kesme noktalar\u0131na \u00f6zel d\u00fczenler sa\u011flamak i\u00e7in se\u00e7enekler de vard\u0131r. Bir s\u00fctun say\u0131s\u0131 (1-4) se\u00e7in, ard\u0131ndan devam edin [&hellip;]<\/p>\n","protected":false},"featured_media":13112,"comment_status":"open","ping_status":"closed","template":"","meta":[],"product_brand":[],"product_cat":[1413],"product_tag":[1773,1529,2460,2458,2456],"class_list":{"0":"post-14106","1":"product","2":"type-product","3":"status-publish","4":"has-post-thumbnail","6":"product_cat-eklentiler","7":"product_tag-block-tr","8":"product_tag-bloklar","9":"product_tag-duzen","10":"product_tag-izgara","11":"product_tag-tasarim","13":"first","14":"instock","15":"downloadable","16":"virtual","17":"product-type-simple"},"_links":{"self":[{"href":"https:\/\/hexexist.com\/tr\/wp-json\/wp\/v2\/product\/14106","targetHints":{"allow":["GET"]}}],"collection":[{"href":"https:\/\/hexexist.com\/tr\/wp-json\/wp\/v2\/product"}],"about":[{"href":"https:\/\/hexexist.com\/tr\/wp-json\/wp\/v2\/types\/product"}],"replies":[{"embeddable":true,"href":"https:\/\/hexexist.com\/tr\/wp-json\/wp\/v2\/comments?post=14106"}],"wp:featuredmedia":[{"embeddable":true,"href":"https:\/\/hexexist.com\/tr\/wp-json\/wp\/v2\/media\/13112"}],"wp:attachment":[{"href":"https:\/\/hexexist.com\/tr\/wp-json\/wp\/v2\/media?parent=14106"}],"wp:term":[{"taxonomy":"product_brand","embeddable":true,"href":"https:\/\/hexexist.com\/tr\/wp-json\/wp\/v2\/product_brand?post=14106"},{"taxonomy":"product_cat","embeddable":true,"href":"https:\/\/hexexist.com\/tr\/wp-json\/wp\/v2\/product_cat?post=14106"},{"taxonomy":"product_tag","embeddable":true,"href":"https:\/\/hexexist.com\/tr\/wp-json\/wp\/v2\/product_tag?post=14106"}],"curies":[{"name":"wp","href":"https:\/\/api.w.org\/{rel}","templated":true}]}}