{"id":14108,"date":"2025-10-09T09:50:05","date_gmt":"2025-10-09T09:50:05","guid":{"rendered":"http:\/\/hexexist.com\/product\/ust-ve-alt-bilgi-kodu\/"},"modified":"2025-10-09T09:50:05","modified_gmt":"2025-10-09T09:50:05","slug":"ust-ve-alt-bilgi-kodu","status":"publish","type":"product","link":"https:\/\/hexexist.com\/tr\/urun\/ust-ve-alt-bilgi-kodu\/","title":{"rendered":"\u00dcst ve Alt Bilgi Kodu"},"content":{"rendered":"<p>Head &amp; Footer Code eklentisi, programc\u0131 olmasan\u0131z bile sayfaya \u00f6zel kod par\u00e7ac\u0131klar\u0131 (JavaScript, CSS veya HTML) eklemenize yard\u0131mc\u0131 olur. Bu <head> i\u00e7inde (\u00e7e\u015fitli hizmetler i\u00e7in site do\u011frulama kodu, \u00f6zel stiller, meta veya Webfont ba\u011flant\u0131s\u0131), a\u00e7\u0131l\u0131\u015ftan hemen sonra (piksel izleme, analiz veya \u0131s\u0131 haritas\u0131 kodu) veya etiketi kapatmadan hemen \u00f6nce olabilir. <\/p>\n","protected":false},"excerpt":{"rendered":"<p>Head &amp; Footer Code eklentisi, programc\u0131 olmasan\u0131z bile sayfaya \u00f6zel kod par\u00e7ac\u0131klar\u0131 (JavaScript, CSS veya HTML) eklemenize yard\u0131mc\u0131 olur. Bu i\u00e7inde (\u00e7e\u015fitli hizmetler i\u00e7in site do\u011frulama kodu, \u00f6zel stiller, meta veya Webfont ba\u011flant\u0131s\u0131), a\u00e7\u0131l\u0131\u015ftan hemen sonra (piksel izleme, analiz veya \u0131s\u0131 haritas\u0131 kodu) veya etiketi kapatmadan hemen \u00f6nce olabilir.<\/p>\n","protected":false},"featured_media":13111,"comment_status":"open","ping_status":"closed","template":"","meta":[],"product_brand":[],"product_cat":[1413],"product_tag":[1698,2381,1808,2463,2462],"class_list":{"0":"post-14108","1":"product","2":"type-product","3":"status-publish","4":"has-post-thumbnail","6":"product_cat-eklentiler","7":"product_tag-altbilgi","8":"product_tag-kafa","9":"product_tag-kod","10":"product_tag-senaryo","11":"product_tag-vucut","13":"first","14":"instock","15":"downloadable","16":"virtual","17":"product-type-simple"},"_links":{"self":[{"href":"https:\/\/hexexist.com\/tr\/wp-json\/wp\/v2\/product\/14108","targetHints":{"allow":["GET"]}}],"collection":[{"href":"https:\/\/hexexist.com\/tr\/wp-json\/wp\/v2\/product"}],"about":[{"href":"https:\/\/hexexist.com\/tr\/wp-json\/wp\/v2\/types\/product"}],"replies":[{"embeddable":true,"href":"https:\/\/hexexist.com\/tr\/wp-json\/wp\/v2\/comments?post=14108"}],"wp:featuredmedia":[{"embeddable":true,"href":"https:\/\/hexexist.com\/tr\/wp-json\/wp\/v2\/media\/13111"}],"wp:attachment":[{"href":"https:\/\/hexexist.com\/tr\/wp-json\/wp\/v2\/media?parent=14108"}],"wp:term":[{"taxonomy":"product_brand","embeddable":true,"href":"https:\/\/hexexist.com\/tr\/wp-json\/wp\/v2\/product_brand?post=14108"},{"taxonomy":"product_cat","embeddable":true,"href":"https:\/\/hexexist.com\/tr\/wp-json\/wp\/v2\/product_cat?post=14108"},{"taxonomy":"product_tag","embeddable":true,"href":"https:\/\/hexexist.com\/tr\/wp-json\/wp\/v2\/product_tag?post=14108"}],"curies":[{"name":"wp","href":"https:\/\/api.w.org\/{rel}","templated":true}]}}