{"id":14110,"date":"2025-10-09T09:50:05","date_gmt":"2025-10-09T09:50:05","guid":{"rendered":"http:\/\/hexexist.com\/product\/anti-malware-guvenligi-ve-brute-force-guvenlik-duvari\/"},"modified":"2025-10-09T09:50:05","modified_gmt":"2025-10-09T09:50:05","slug":"anti-malware-guvenligi-ve-brute-force-guvenlik-duvari","status":"publish","type":"product","link":"https:\/\/hexexist.com\/tr\/urun\/anti-malware-guvenligi-ve-brute-force-guvenlik-duvari\/","title":{"rendered":"Anti-Malware G\u00fcvenli\u011fi ve Brute-Force G\u00fcvenlik Duvar\u0131"},"content":{"rendered":"<p>\u00d6zellikler:<\/p>\n<p>Yeni tehditlere kar\u015f\u0131 koruma sa\u011flamak i\u00e7in Tan\u0131m G\u00fcncellemelerini indirin.<br \/>\nBilinen g\u00fcvenlik tehditlerini, arka kap\u0131 komut dosyalar\u0131n\u0131 ve veritaban\u0131 enjeksiyonlar\u0131n\u0131 otomatik olarak kald\u0131rmak i\u00e7in Tam Tarama \u00e7al\u0131\u015ft\u0131r\u0131n.<br \/>\nG\u00fcvenlik Duvar\u0131, SoakSoak ve di\u011fer k\u00f6t\u00fc ama\u00e7l\u0131 yaz\u0131l\u0131mlar\u0131n Revolution Slider ve bilinen g\u00fcvenlik a\u00e7\u0131klar\u0131na sahip di\u011fer eklentilerden yararlanmas\u0131n\u0131 engeller.<br \/>\nTimthumb komut dosyalar\u0131n\u0131n savunmas\u0131z s\u00fcr\u00fcmlerini y\u00fckseltin.<\/p>\n","protected":false},"excerpt":{"rendered":"<p>\u00d6zellikler: Yeni tehditlere kar\u015f\u0131 koruma sa\u011flamak i\u00e7in Tan\u0131m G\u00fcncellemelerini indirin. Bilinen g\u00fcvenlik tehditlerini, arka kap\u0131 komut dosyalar\u0131n\u0131 ve veritaban\u0131 enjeksiyonlar\u0131n\u0131 otomatik olarak kald\u0131rmak i\u00e7in Tam Tarama \u00e7al\u0131\u015ft\u0131r\u0131n. G\u00fcvenlik Duvar\u0131, SoakSoak ve di\u011fer k\u00f6t\u00fc ama\u00e7l\u0131 yaz\u0131l\u0131mlar\u0131n Revolution Slider ve bilinen g\u00fcvenlik a\u00e7\u0131klar\u0131na sahip di\u011fer eklentilerden yararlanmas\u0131n\u0131 engeller. Timthumb komut dosyalar\u0131n\u0131n savunmas\u0131z s\u00fcr\u00fcmlerini y\u00fckseltin.<\/p>\n","protected":false},"featured_media":13110,"comment_status":"open","ping_status":"closed","template":"","meta":[],"product_brand":[],"product_cat":[1413],"product_tag":[1455,1456,1668,2468,2466],"class_list":{"0":"post-14110","1":"product","2":"type-product","3":"status-publish","4":"has-post-thumbnail","6":"product_cat-eklentiler","7":"product_tag-guvenlik","8":"product_tag-guvenlik-duvari","9":"product_tag-kaba-kuvvet","10":"product_tag-kotu-amacli-yazilimdan-koruma","11":"product_tag-tarayici","13":"first","14":"instock","15":"downloadable","16":"virtual","17":"product-type-simple"},"_links":{"self":[{"href":"https:\/\/hexexist.com\/tr\/wp-json\/wp\/v2\/product\/14110","targetHints":{"allow":["GET"]}}],"collection":[{"href":"https:\/\/hexexist.com\/tr\/wp-json\/wp\/v2\/product"}],"about":[{"href":"https:\/\/hexexist.com\/tr\/wp-json\/wp\/v2\/types\/product"}],"replies":[{"embeddable":true,"href":"https:\/\/hexexist.com\/tr\/wp-json\/wp\/v2\/comments?post=14110"}],"wp:featuredmedia":[{"embeddable":true,"href":"https:\/\/hexexist.com\/tr\/wp-json\/wp\/v2\/media\/13110"}],"wp:attachment":[{"href":"https:\/\/hexexist.com\/tr\/wp-json\/wp\/v2\/media?parent=14110"}],"wp:term":[{"taxonomy":"product_brand","embeddable":true,"href":"https:\/\/hexexist.com\/tr\/wp-json\/wp\/v2\/product_brand?post=14110"},{"taxonomy":"product_cat","embeddable":true,"href":"https:\/\/hexexist.com\/tr\/wp-json\/wp\/v2\/product_cat?post=14110"},{"taxonomy":"product_tag","embeddable":true,"href":"https:\/\/hexexist.com\/tr\/wp-json\/wp\/v2\/product_tag?post=14110"}],"curies":[{"name":"wp","href":"https:\/\/api.w.org\/{rel}","templated":true}]}}