{"id":14111,"date":"2025-10-09T09:50:05","date_gmt":"2025-10-09T09:50:05","guid":{"rendered":"http:\/\/hexexist.com\/product\/presto-playerdan-wordpress-icin-en-iyi-video-oynatici\/"},"modified":"2025-10-09T09:50:05","modified_gmt":"2025-10-09T09:50:05","slug":"presto-playerdan-wordpress-icin-en-iyi-video-oynatici","status":"publish","type":"product","link":"https:\/\/hexexist.com\/tr\/urun\/presto-playerdan-wordpress-icin-en-iyi-video-oynatici\/","title":{"rendered":"Presto Player&#8217;dan WordPress \u0130\u00e7in En \u0130yi Video Oynat\u0131c\u0131"},"content":{"rendered":"<p>Videonuzu ba\u015fka bir seviyeye ta\u015f\u0131y\u0131n ve izleyicilerinizi sizi sevecekleri modern bir video deneyimiyle memnun edin.<\/p>\n","protected":false},"excerpt":{"rendered":"<p>Videonuzu ba\u015fka bir seviyeye ta\u015f\u0131y\u0131n ve izleyicilerinizi sizi sevecekleri modern bir video deneyimiyle memnun edin.<\/p>\n","protected":false},"featured_media":13115,"comment_status":"open","ping_status":"closed","template":"","meta":[],"product_brand":[],"product_cat":[1413],"product_tag":[1556,2467,1598,2469,2143],"class_list":{"0":"post-14111","1":"product","2":"type-product","3":"status-publish","4":"has-post-thumbnail","6":"product_cat-eklentiler","7":"product_tag-lms-tr","8":"product_tag-ses","9":"product_tag-video-tr","10":"product_tag-vimeo-tr","11":"product_tag-youtube-tr","13":"first","14":"instock","15":"downloadable","16":"virtual","17":"product-type-simple"},"_links":{"self":[{"href":"https:\/\/hexexist.com\/tr\/wp-json\/wp\/v2\/product\/14111","targetHints":{"allow":["GET"]}}],"collection":[{"href":"https:\/\/hexexist.com\/tr\/wp-json\/wp\/v2\/product"}],"about":[{"href":"https:\/\/hexexist.com\/tr\/wp-json\/wp\/v2\/types\/product"}],"replies":[{"embeddable":true,"href":"https:\/\/hexexist.com\/tr\/wp-json\/wp\/v2\/comments?post=14111"}],"wp:featuredmedia":[{"embeddable":true,"href":"https:\/\/hexexist.com\/tr\/wp-json\/wp\/v2\/media\/13115"}],"wp:attachment":[{"href":"https:\/\/hexexist.com\/tr\/wp-json\/wp\/v2\/media?parent=14111"}],"wp:term":[{"taxonomy":"product_brand","embeddable":true,"href":"https:\/\/hexexist.com\/tr\/wp-json\/wp\/v2\/product_brand?post=14111"},{"taxonomy":"product_cat","embeddable":true,"href":"https:\/\/hexexist.com\/tr\/wp-json\/wp\/v2\/product_cat?post=14111"},{"taxonomy":"product_tag","embeddable":true,"href":"https:\/\/hexexist.com\/tr\/wp-json\/wp\/v2\/product_tag?post=14111"}],"curies":[{"name":"wp","href":"https:\/\/api.w.org\/{rel}","templated":true}]}}