{"id":14114,"date":"2025-10-09T09:50:06","date_gmt":"2025-10-09T09:50:06","guid":{"rendered":"http:\/\/hexexist.com\/product\/basit-sayfa-siralamasi\/"},"modified":"2025-10-09T09:50:06","modified_gmt":"2025-10-09T09:50:06","slug":"basit-sayfa-siralamasi","status":"publish","type":"product","link":"https:\/\/hexexist.com\/tr\/urun\/basit-sayfa-siralamasi\/","title":{"rendered":"Basit Sayfa S\u0131ralamas\u0131"},"content":{"rendered":"<p>Sayfalar\u0131n\u0131z\u0131, hiyerar\u015fik \u00f6zel yaz\u0131 t\u00fcrlerinizi veya \u00f6zel yaz\u0131 t\u00fcrlerinizi do\u011frudan yerle\u015fik sayfa listesinden s\u00fcr\u00fckle ve b\u0131rak y\u00f6ntemiyle sayfa-\u00f6zellikleri ile s\u0131ralay\u0131n.<\/p>\n","protected":false},"excerpt":{"rendered":"<p>Sayfalar\u0131n\u0131z\u0131, hiyerar\u015fik \u00f6zel yaz\u0131 t\u00fcrlerinizi veya \u00f6zel yaz\u0131 t\u00fcrlerinizi do\u011frudan yerle\u015fik sayfa listesinden s\u00fcr\u00fckle ve b\u0131rak y\u00f6ntemiyle sayfa-\u00f6zellikleri ile s\u0131ralay\u0131n.<\/p>\n","protected":false},"featured_media":13117,"comment_status":"open","ping_status":"closed","template":"","meta":[],"product_brand":[],"product_cat":[1413],"product_tag":[2473,1499,2150,2474,2475],"class_list":{"0":"post-14114","1":"product","2":"type-product","3":"status-publish","4":"has-post-thumbnail","6":"product_cat-eklentiler","7":"product_tag-menu-siparisi","8":"product_tag-sayfa","9":"product_tag-siparis","10":"product_tag-siparis-tr","11":"product_tag-yeniden-siparis","13":"first","14":"instock","15":"downloadable","16":"virtual","17":"product-type-simple"},"_links":{"self":[{"href":"https:\/\/hexexist.com\/tr\/wp-json\/wp\/v2\/product\/14114","targetHints":{"allow":["GET"]}}],"collection":[{"href":"https:\/\/hexexist.com\/tr\/wp-json\/wp\/v2\/product"}],"about":[{"href":"https:\/\/hexexist.com\/tr\/wp-json\/wp\/v2\/types\/product"}],"replies":[{"embeddable":true,"href":"https:\/\/hexexist.com\/tr\/wp-json\/wp\/v2\/comments?post=14114"}],"wp:featuredmedia":[{"embeddable":true,"href":"https:\/\/hexexist.com\/tr\/wp-json\/wp\/v2\/media\/13117"}],"wp:attachment":[{"href":"https:\/\/hexexist.com\/tr\/wp-json\/wp\/v2\/media?parent=14114"}],"wp:term":[{"taxonomy":"product_brand","embeddable":true,"href":"https:\/\/hexexist.com\/tr\/wp-json\/wp\/v2\/product_brand?post=14114"},{"taxonomy":"product_cat","embeddable":true,"href":"https:\/\/hexexist.com\/tr\/wp-json\/wp\/v2\/product_cat?post=14114"},{"taxonomy":"product_tag","embeddable":true,"href":"https:\/\/hexexist.com\/tr\/wp-json\/wp\/v2\/product_tag?post=14114"}],"curies":[{"name":"wp","href":"https:\/\/api.w.org\/{rel}","templated":true}]}}