{"id":14115,"date":"2025-10-09T09:50:06","date_gmt":"2025-10-09T09:50:06","guid":{"rendered":"http:\/\/hexexist.com\/product\/woosidebars\/"},"modified":"2025-10-09T09:50:06","modified_gmt":"2025-10-09T09:50:06","slug":"woosidebars","status":"publish","type":"product","link":"https:\/\/hexexist.com\/tr\/urun\/woosidebars\/","title":{"rendered":"WooSidebars"},"content":{"rendered":"<p>E-posta y\u00f6netiminizi zahmetsizce geli\u015ftirin. Site Mailer, karma\u015f\u0131k SMTP eklentilerine olan ihtiyac\u0131 ortadan kald\u0131rarak g\u00fcvenilir e-posta teslimat\u0131 i\u00e7in kolayla\u015ft\u0131r\u0131lm\u0131\u015f bir \u00e7\u00f6z\u00fcm sunar. Sezgisel aray\u00fcz\u00fcm\u00fcz\u00fc kullanarak kolayl\u0131kla sorun giderin ve izleyin, b\u00f6ylece ba\u015fka bir e-postay\u0131 asla ka\u00e7\u0131rmazs\u0131n\u0131z.  <\/p>\n","protected":false},"excerpt":{"rendered":"<p>E-posta y\u00f6netiminizi zahmetsizce geli\u015ftirin. Site Mailer, karma\u015f\u0131k SMTP eklentilerine olan ihtiyac\u0131 ortadan kald\u0131rarak g\u00fcvenilir e-posta teslimat\u0131 i\u00e7in kolayla\u015ft\u0131r\u0131lm\u0131\u015f bir \u00e7\u00f6z\u00fcm sunar. Sezgisel aray\u00fcz\u00fcm\u00fcz\u00fc kullanarak kolayl\u0131kla sorun giderin ve izleyin, b\u00f6ylece ba\u015fka bir e-postay\u0131 asla ka\u00e7\u0131rmazs\u0131n\u0131z.<\/p>\n","protected":false},"featured_media":13122,"comment_status":"open","ping_status":"closed","template":"","meta":[],"product_brand":[],"product_cat":[1413],"product_tag":[2476,2477,2030],"class_list":{"0":"post-14115","1":"product","2":"type-product","3":"status-publish","4":"has-post-thumbnail","6":"product_cat-eklentiler","7":"product_tag-kenar-cubuklari","8":"product_tag-widget-alanlari","9":"product_tag-widgetlar","11":"first","12":"instock","13":"downloadable","14":"virtual","15":"product-type-simple"},"_links":{"self":[{"href":"https:\/\/hexexist.com\/tr\/wp-json\/wp\/v2\/product\/14115","targetHints":{"allow":["GET"]}}],"collection":[{"href":"https:\/\/hexexist.com\/tr\/wp-json\/wp\/v2\/product"}],"about":[{"href":"https:\/\/hexexist.com\/tr\/wp-json\/wp\/v2\/types\/product"}],"replies":[{"embeddable":true,"href":"https:\/\/hexexist.com\/tr\/wp-json\/wp\/v2\/comments?post=14115"}],"wp:featuredmedia":[{"embeddable":true,"href":"https:\/\/hexexist.com\/tr\/wp-json\/wp\/v2\/media\/13122"}],"wp:attachment":[{"href":"https:\/\/hexexist.com\/tr\/wp-json\/wp\/v2\/media?parent=14115"}],"wp:term":[{"taxonomy":"product_brand","embeddable":true,"href":"https:\/\/hexexist.com\/tr\/wp-json\/wp\/v2\/product_brand?post=14115"},{"taxonomy":"product_cat","embeddable":true,"href":"https:\/\/hexexist.com\/tr\/wp-json\/wp\/v2\/product_cat?post=14115"},{"taxonomy":"product_tag","embeddable":true,"href":"https:\/\/hexexist.com\/tr\/wp-json\/wp\/v2\/product_tag?post=14115"}],"curies":[{"name":"wp","href":"https:\/\/api.w.org\/{rel}","templated":true}]}}