{"id":14116,"date":"2025-10-09T09:50:06","date_gmt":"2025-10-09T09:50:06","guid":{"rendered":"http:\/\/hexexist.com\/product\/kucuk-resimlerle-son-gonderiler-widgeti\/"},"modified":"2025-10-09T09:50:06","modified_gmt":"2025-10-09T09:50:06","slug":"kucuk-resimlerle-son-gonderiler-widgeti","status":"publish","type":"product","link":"https:\/\/hexexist.com\/tr\/urun\/kucuk-resimlerle-son-gonderiler-widgeti\/","title":{"rendered":"K\u00fc\u00e7\u00fck Resimlerle Son G\u00f6nderiler Widget&#8217;\u0131"},"content":{"rendered":"<p>G\u00f6nderi ba\u015fl\u0131klar\u0131, k\u00fc\u00e7\u00fck resimler, al\u0131nt\u0131lar, yazarlar, kategoriler, tarihler ve daha fazlas\u0131yla en son g\u00f6nderileri listeleyin!<\/p>\n","protected":false},"excerpt":{"rendered":"<p>G\u00f6nderi ba\u015fl\u0131klar\u0131, k\u00fc\u00e7\u00fck resimler, al\u0131nt\u0131lar, yazarlar, kategoriler, tarihler ve daha fazlas\u0131yla en son g\u00f6nderileri listeleyin!<\/p>\n","protected":false},"featured_media":13116,"comment_status":"open","ping_status":"closed","template":"","meta":[],"product_brand":[],"product_cat":[1413],"product_tag":[2478,1449,2306,2170,1427],"class_list":{"0":"post-14116","1":"product","2":"type-product","3":"status-publish","4":"has-post-thumbnail","6":"product_cat-eklentiler","7":"product_tag-gonderi-listesi","8":"product_tag-goruntuler","9":"product_tag-kucuk-resimler","10":"product_tag-son-gonderiler","11":"product_tag-widget-tr","13":"first","14":"instock","15":"downloadable","16":"virtual","17":"product-type-simple"},"_links":{"self":[{"href":"https:\/\/hexexist.com\/tr\/wp-json\/wp\/v2\/product\/14116","targetHints":{"allow":["GET"]}}],"collection":[{"href":"https:\/\/hexexist.com\/tr\/wp-json\/wp\/v2\/product"}],"about":[{"href":"https:\/\/hexexist.com\/tr\/wp-json\/wp\/v2\/types\/product"}],"replies":[{"embeddable":true,"href":"https:\/\/hexexist.com\/tr\/wp-json\/wp\/v2\/comments?post=14116"}],"wp:featuredmedia":[{"embeddable":true,"href":"https:\/\/hexexist.com\/tr\/wp-json\/wp\/v2\/media\/13116"}],"wp:attachment":[{"href":"https:\/\/hexexist.com\/tr\/wp-json\/wp\/v2\/media?parent=14116"}],"wp:term":[{"taxonomy":"product_brand","embeddable":true,"href":"https:\/\/hexexist.com\/tr\/wp-json\/wp\/v2\/product_brand?post=14116"},{"taxonomy":"product_cat","embeddable":true,"href":"https:\/\/hexexist.com\/tr\/wp-json\/wp\/v2\/product_cat?post=14116"},{"taxonomy":"product_tag","embeddable":true,"href":"https:\/\/hexexist.com\/tr\/wp-json\/wp\/v2\/product_tag?post=14116"}],"curies":[{"name":"wp","href":"https:\/\/api.w.org\/{rel}","templated":true}]}}