{"id":14118,"date":"2025-10-09T09:50:07","date_gmt":"2025-10-09T09:50:07","guid":{"rendered":"http:\/\/hexexist.com\/product\/elementor-icin-polylangi-baglayin\/"},"modified":"2025-10-09T09:50:07","modified_gmt":"2025-10-09T09:50:07","slug":"elementor-icin-polylangi-baglayin","status":"publish","type":"product","link":"https:\/\/hexexist.com\/tr\/urun\/elementor-icin-polylangi-baglayin\/","title":{"rendered":"Elementor i\u00e7in Polylang&#8217;\u0131 Ba\u011flay\u0131n"},"content":{"rendered":"<p>Polylang \u00e7ok dilli eklentisini Elementor Page Builder ile ba\u011flay\u0131n: Elementor \u015fablonlar\u0131n\u0131z\u0131 \u00e7evirin ve do\u011fru dilde g\u00f6sterin, yerel \u00f6zelle\u015ftirilebilir Dil De\u011fi\u015ftirici Elementor widget&#8217;\u0131, Widget&#8217;lar\u0131n ve Dinamik Etiketlerin dile g\u00f6re G\u00f6r\u00fcn\u00fcrl\u00fck Ko\u015fullar\u0131 ve \u00e7ok daha fazlas\u0131 ?<\/p>\n","protected":false},"excerpt":{"rendered":"<p>Polylang \u00e7ok dilli eklentisini Elementor Page Builder ile ba\u011flay\u0131n: Elementor \u015fablonlar\u0131n\u0131z\u0131 \u00e7evirin ve do\u011fru dilde g\u00f6sterin, yerel \u00f6zelle\u015ftirilebilir Dil De\u011fi\u015ftirici Elementor widget&#8217;\u0131, Widget&#8217;lar\u0131n ve Dinamik Etiketlerin dile g\u00f6re G\u00f6r\u00fcn\u00fcrl\u00fck Ko\u015fullar\u0131 ve \u00e7ok daha fazlas\u0131 ?<\/p>\n","protected":false},"featured_media":13125,"comment_status":"open","ping_status":"closed","template":"","meta":[],"product_brand":[],"product_cat":[1413],"product_tag":[1560,2484,2483,1532,2485],"class_list":{"0":"post-14118","1":"product","2":"type-product","3":"status-publish","4":"has-post-thumbnail","6":"product_cat-eklentiler","7":"product_tag-cok-dilli","8":"product_tag-dil-degistirici","9":"product_tag-dinamik-etiketler","10":"product_tag-elementor-tr","11":"product_tag-polylang-tr","13":"first","14":"instock","15":"downloadable","16":"virtual","17":"product-type-simple"},"_links":{"self":[{"href":"https:\/\/hexexist.com\/tr\/wp-json\/wp\/v2\/product\/14118","targetHints":{"allow":["GET"]}}],"collection":[{"href":"https:\/\/hexexist.com\/tr\/wp-json\/wp\/v2\/product"}],"about":[{"href":"https:\/\/hexexist.com\/tr\/wp-json\/wp\/v2\/types\/product"}],"replies":[{"embeddable":true,"href":"https:\/\/hexexist.com\/tr\/wp-json\/wp\/v2\/comments?post=14118"}],"wp:featuredmedia":[{"embeddable":true,"href":"https:\/\/hexexist.com\/tr\/wp-json\/wp\/v2\/media\/13125"}],"wp:attachment":[{"href":"https:\/\/hexexist.com\/tr\/wp-json\/wp\/v2\/media?parent=14118"}],"wp:term":[{"taxonomy":"product_brand","embeddable":true,"href":"https:\/\/hexexist.com\/tr\/wp-json\/wp\/v2\/product_brand?post=14118"},{"taxonomy":"product_cat","embeddable":true,"href":"https:\/\/hexexist.com\/tr\/wp-json\/wp\/v2\/product_cat?post=14118"},{"taxonomy":"product_tag","embeddable":true,"href":"https:\/\/hexexist.com\/tr\/wp-json\/wp\/v2\/product_tag?post=14118"}],"curies":[{"name":"wp","href":"https:\/\/api.w.org\/{rel}","templated":true}]}}