{"id":14119,"date":"2025-10-09T09:50:06","date_gmt":"2025-10-09T09:50:06","guid":{"rendered":"http:\/\/hexexist.com\/product\/ssl-guvensiz-icerik-duzeltici\/"},"modified":"2025-10-09T09:50:06","modified_gmt":"2025-10-09T09:50:06","slug":"ssl-guvensiz-icerik-duzeltici","status":"publish","type":"product","link":"https:\/\/hexexist.com\/tr\/urun\/ssl-guvensiz-icerik-duzeltici\/","title":{"rendered":"SSL G\u00fcvensiz \u0130\u00e7erik D\u00fczeltici"},"content":{"rendered":"<p>Site Mailer ile e-posta sorunlar\u0131na elveda diyebilirsiniz. Kullan\u0131m\u0131 kolay arac\u0131m\u0131z, t\u00fcm e-postalar\u0131n hedeflerine ula\u015fmas\u0131n\u0131 sa\u011flarken, gerekti\u011finde mesajlar\u0131 izlemek ve yeniden g\u00f6ndermek i\u00e7in size ayr\u0131nt\u0131l\u0131 bir e-posta g\u00fcnl\u00fc\u011f\u00fc sa\u011flar.<\/p>\n","protected":false},"excerpt":{"rendered":"<p>Site Mailer ile e-posta sorunlar\u0131na elveda diyebilirsiniz. Kullan\u0131m\u0131 kolay arac\u0131m\u0131z, t\u00fcm e-postalar\u0131n hedeflerine ula\u015fmas\u0131n\u0131 sa\u011flarken, gerekti\u011finde mesajlar\u0131 izlemek ve yeniden g\u00f6ndermek i\u00e7in size ayr\u0131nt\u0131l\u0131 bir e-posta g\u00fcnl\u00fc\u011f\u00fc sa\u011flar.<\/p>\n","protected":false},"featured_media":13120,"comment_status":"open","ping_status":"closed","template":"","meta":[],"product_brand":[],"product_cat":[1413],"product_tag":[2204,1998,2000,1999],"class_list":{"0":"post-14119","1":"product","2":"type-product","3":"status-publish","4":"has-post-thumbnail","6":"product_cat-eklentiler","7":"product_tag-guvensiz-icerik","8":"product_tag-https-tr","9":"product_tag-karisik-icerik","10":"product_tag-ssl-tr","12":"first","13":"instock","14":"downloadable","15":"virtual","16":"product-type-simple"},"_links":{"self":[{"href":"https:\/\/hexexist.com\/tr\/wp-json\/wp\/v2\/product\/14119","targetHints":{"allow":["GET"]}}],"collection":[{"href":"https:\/\/hexexist.com\/tr\/wp-json\/wp\/v2\/product"}],"about":[{"href":"https:\/\/hexexist.com\/tr\/wp-json\/wp\/v2\/types\/product"}],"replies":[{"embeddable":true,"href":"https:\/\/hexexist.com\/tr\/wp-json\/wp\/v2\/comments?post=14119"}],"wp:featuredmedia":[{"embeddable":true,"href":"https:\/\/hexexist.com\/tr\/wp-json\/wp\/v2\/media\/13120"}],"wp:attachment":[{"href":"https:\/\/hexexist.com\/tr\/wp-json\/wp\/v2\/media?parent=14119"}],"wp:term":[{"taxonomy":"product_brand","embeddable":true,"href":"https:\/\/hexexist.com\/tr\/wp-json\/wp\/v2\/product_brand?post=14119"},{"taxonomy":"product_cat","embeddable":true,"href":"https:\/\/hexexist.com\/tr\/wp-json\/wp\/v2\/product_cat?post=14119"},{"taxonomy":"product_tag","embeddable":true,"href":"https:\/\/hexexist.com\/tr\/wp-json\/wp\/v2\/product_tag?post=14119"}],"curies":[{"name":"wp","href":"https:\/\/api.w.org\/{rel}","templated":true}]}}