{"id":14121,"date":"2025-10-09T09:50:06","date_gmt":"2025-10-09T09:50:06","guid":{"rendered":"http:\/\/hexexist.com\/product\/site-mailer-smtp-degistirme-e-posta-api-teslim-edilebilirligi-ve-e-posta-gunlugu\/"},"modified":"2025-10-09T09:50:06","modified_gmt":"2025-10-09T09:50:06","slug":"site-mailer-smtp-degistirme-e-posta-api-teslim-edilebilirligi-ve-e-posta-gunlugu","status":"publish","type":"product","link":"https:\/\/hexexist.com\/tr\/urun\/site-mailer-smtp-degistirme-e-posta-api-teslim-edilebilirligi-ve-e-posta-gunlugu\/","title":{"rendered":"Site Mailer SMTP De\u011fi\u015ftirme, E-posta API Teslim Edilebilirli\u011fi ve E-posta G\u00fcnl\u00fc\u011f\u00fc"},"content":{"rendered":"<p>WordPress siteniz e-posta g\u00f6ndermeyi durdurdu mu? WordPress sitenizden gelen e-postalar spam&#8217;e mi d\u00fc\u015f\u00fcyor veya teslim edilmiyor mu? M\u00fc\u015fteriler eksik mesajlardan m\u0131 \u015fikayet\u00e7i?  <\/p>\n","protected":false},"excerpt":{"rendered":"<p>WordPress siteniz e-posta g\u00f6ndermeyi durdurdu mu? WordPress sitenizden gelen e-postalar spam&#8217;e mi d\u00fc\u015f\u00fcyor veya teslim edilmiyor mu? M\u00fc\u015fteriler eksik mesajlardan m\u0131 \u015fikayet\u00e7i?<\/p>\n","protected":false},"featured_media":13118,"comment_status":"open","ping_status":"closed","template":"","meta":[],"product_brand":[],"product_cat":[1413],"product_tag":[1605,2489,1606,2490,1661],"class_list":{"0":"post-14121","1":"product","2":"type-product","3":"status-publish","4":"has-post-thumbnail","6":"product_cat-eklentiler","7":"product_tag-e-posta","8":"product_tag-e-posta-apisi","9":"product_tag-e-posta-gunlugu","10":"product_tag-gonderen","11":"product_tag-smtp-tr","13":"first","14":"instock","15":"downloadable","16":"virtual","17":"product-type-simple"},"_links":{"self":[{"href":"https:\/\/hexexist.com\/tr\/wp-json\/wp\/v2\/product\/14121","targetHints":{"allow":["GET"]}}],"collection":[{"href":"https:\/\/hexexist.com\/tr\/wp-json\/wp\/v2\/product"}],"about":[{"href":"https:\/\/hexexist.com\/tr\/wp-json\/wp\/v2\/types\/product"}],"replies":[{"embeddable":true,"href":"https:\/\/hexexist.com\/tr\/wp-json\/wp\/v2\/comments?post=14121"}],"wp:featuredmedia":[{"embeddable":true,"href":"https:\/\/hexexist.com\/tr\/wp-json\/wp\/v2\/media\/13118"}],"wp:attachment":[{"href":"https:\/\/hexexist.com\/tr\/wp-json\/wp\/v2\/media?parent=14121"}],"wp:term":[{"taxonomy":"product_brand","embeddable":true,"href":"https:\/\/hexexist.com\/tr\/wp-json\/wp\/v2\/product_brand?post=14121"},{"taxonomy":"product_cat","embeddable":true,"href":"https:\/\/hexexist.com\/tr\/wp-json\/wp\/v2\/product_cat?post=14121"},{"taxonomy":"product_tag","embeddable":true,"href":"https:\/\/hexexist.com\/tr\/wp-json\/wp\/v2\/product_tag?post=14121"}],"curies":[{"name":"wp","href":"https:\/\/api.w.org\/{rel}","templated":true}]}}