{"id":14122,"date":"2025-10-09T09:49:48","date_gmt":"2025-10-09T09:49:48","guid":{"rendered":"http:\/\/hexexist.com\/product\/tum-404-ana-sayfaya-yonlendirme\/"},"modified":"2025-10-09T09:49:48","modified_gmt":"2025-10-09T09:49:48","slug":"tum-404-ana-sayfaya-yonlendirme","status":"publish","type":"product","link":"https:\/\/hexexist.com\/tr\/urun\/tum-404-ana-sayfaya-yonlendirme\/","title":{"rendered":"T\u00fcm 404 Ana Sayfaya Y\u00f6nlendirme"},"content":{"rendered":"<p>Bu eklenti ile web sitenizde g\u00f6r\u00fcnen t\u00fcm rastgele 404 ba\u011flant\u0131lar\u0131n\u0131 d\u00fczeltebilir ve 301 SEO y\u00f6nlendirmesini kullanarak bunlar\u0131 ana sayfaya veya ba\u015fka bir sayfaya y\u00f6nlendirebilirsiniz. 404 hata sayfalar\u0131 sitenizin arama motorlar\u0131ndaki s\u0131ralamas\u0131na zarar verir. Bu ak\u0131ll\u0131 eklenti, 404 hata sayfalar\u0131n\u0131 i\u015flemek i\u00e7in basit bir \u00e7\u00f6z\u00fcmd\u00fcr.  <\/p>\n","protected":false},"excerpt":{"rendered":"<p>Bu eklenti ile web sitenizde g\u00f6r\u00fcnen t\u00fcm rastgele 404 ba\u011flant\u0131lar\u0131n\u0131 d\u00fczeltebilir ve 301 SEO y\u00f6nlendirmesini kullanarak bunlar\u0131 ana sayfaya veya ba\u015fka bir sayfaya y\u00f6nlendirebilirsiniz. 404 hata sayfalar\u0131 sitenizin arama motorlar\u0131ndaki s\u0131ralamas\u0131na zarar verir. Bu ak\u0131ll\u0131 eklenti, 404 hata sayfalar\u0131n\u0131 i\u015flemek i\u00e7in basit bir \u00e7\u00f6z\u00fcmd\u00fcr.<\/p>\n","protected":false},"featured_media":13026,"comment_status":"open","ping_status":"closed","template":"","meta":[],"product_brand":[],"product_cat":[1413],"product_tag":[2251,2491,2101,2038],"class_list":{"0":"post-14122","1":"product","2":"type-product","3":"status-publish","4":"has-post-thumbnail","6":"product_cat-eklentiler","7":"product_tag-404-hatasi","8":"product_tag-kirik-goruntuler","9":"product_tag-seo-yonlendirme","10":"product_tag-yonlendirme","12":"first","13":"instock","14":"downloadable","15":"virtual","16":"product-type-simple"},"_links":{"self":[{"href":"https:\/\/hexexist.com\/tr\/wp-json\/wp\/v2\/product\/14122","targetHints":{"allow":["GET"]}}],"collection":[{"href":"https:\/\/hexexist.com\/tr\/wp-json\/wp\/v2\/product"}],"about":[{"href":"https:\/\/hexexist.com\/tr\/wp-json\/wp\/v2\/types\/product"}],"replies":[{"embeddable":true,"href":"https:\/\/hexexist.com\/tr\/wp-json\/wp\/v2\/comments?post=14122"}],"wp:featuredmedia":[{"embeddable":true,"href":"https:\/\/hexexist.com\/tr\/wp-json\/wp\/v2\/media\/13026"}],"wp:attachment":[{"href":"https:\/\/hexexist.com\/tr\/wp-json\/wp\/v2\/media?parent=14122"}],"wp:term":[{"taxonomy":"product_brand","embeddable":true,"href":"https:\/\/hexexist.com\/tr\/wp-json\/wp\/v2\/product_brand?post=14122"},{"taxonomy":"product_cat","embeddable":true,"href":"https:\/\/hexexist.com\/tr\/wp-json\/wp\/v2\/product_cat?post=14122"},{"taxonomy":"product_tag","embeddable":true,"href":"https:\/\/hexexist.com\/tr\/wp-json\/wp\/v2\/product_tag?post=14122"}],"curies":[{"name":"wp","href":"https:\/\/api.w.org\/{rel}","templated":true}]}}