{"id":14123,"date":"2025-10-09T09:49:48","date_gmt":"2025-10-09T09:49:48","guid":{"rendered":"http:\/\/hexexist.com\/product\/wp-rollback-geri-alma-eklentileri-ve-temalari\/"},"modified":"2025-10-09T09:49:48","modified_gmt":"2025-10-09T09:49:48","slug":"wp-rollback-geri-alma-eklentileri-ve-temalari","status":"publish","type":"product","link":"https:\/\/hexexist.com\/tr\/urun\/wp-rollback-geri-alma-eklentileri-ve-temalari\/","title":{"rendered":"WP Rollback Geri Alma Eklentileri ve Temalar\u0131"},"content":{"rendered":"<p>WordPress.org&#8217;daki herhangi bir temay\u0131 veya eklentiyi manuel kar\u0131\u015f\u0131kl\u0131\u011fa gerek kalmadan h\u0131zl\u0131 ve kolay bir \u015fekilde \u00f6nceki (veya daha yeni) bir s\u00fcr\u00fcme geri al\u0131n. Belirli bir s\u00fcr\u00fcme geri (veya ileri) alman\u0131z d\u0131\u015f\u0131nda t\u0131pk\u0131 eklenti g\u00fcncelleyici gibi \u00e7al\u0131\u015f\u0131r. Dosyalar\u0131 manuel olarak indirmeye ve FTP&#8217;ye aktarmaya veya Subversion \u00f6\u011frenmeye gerek yok. Bu eklenti bu zahmeti sizin i\u00e7in hallediyor.   <\/p>\n","protected":false},"excerpt":{"rendered":"<p>WordPress.org&#8217;daki herhangi bir temay\u0131 veya eklentiyi manuel kar\u0131\u015f\u0131kl\u0131\u011fa gerek kalmadan h\u0131zl\u0131 ve kolay bir \u015fekilde \u00f6nceki (veya daha yeni) bir s\u00fcr\u00fcme geri al\u0131n. Belirli bir s\u00fcr\u00fcme geri (veya ileri) alman\u0131z d\u0131\u015f\u0131nda t\u0131pk\u0131 eklenti g\u00fcncelleyici gibi \u00e7al\u0131\u015f\u0131r. Dosyalar\u0131 manuel olarak indirmeye ve FTP&#8217;ye aktarmaya veya Subversion \u00f6\u011frenmeye gerek yok. Bu eklenti bu zahmeti sizin i\u00e7in hallediyor.<\/p>\n","protected":false},"featured_media":13025,"comment_status":"open","ping_status":"closed","template":"","meta":[],"product_brand":[],"product_cat":[1413],"product_tag":[2492,2267,2493,2265,2268],"class_list":{"0":"post-14123","1":"product","2":"type-product","3":"status-publish","4":"has-post-thumbnail","6":"product_cat-eklentiler","7":"product_tag-eklentiler-tr","8":"product_tag-geri-alma","9":"product_tag-geri-don","10":"product_tag-not-dusurme","11":"product_tag-versiyon","13":"first","14":"instock","15":"downloadable","16":"virtual","17":"product-type-simple"},"_links":{"self":[{"href":"https:\/\/hexexist.com\/tr\/wp-json\/wp\/v2\/product\/14123","targetHints":{"allow":["GET"]}}],"collection":[{"href":"https:\/\/hexexist.com\/tr\/wp-json\/wp\/v2\/product"}],"about":[{"href":"https:\/\/hexexist.com\/tr\/wp-json\/wp\/v2\/types\/product"}],"replies":[{"embeddable":true,"href":"https:\/\/hexexist.com\/tr\/wp-json\/wp\/v2\/comments?post=14123"}],"wp:featuredmedia":[{"embeddable":true,"href":"https:\/\/hexexist.com\/tr\/wp-json\/wp\/v2\/media\/13025"}],"wp:attachment":[{"href":"https:\/\/hexexist.com\/tr\/wp-json\/wp\/v2\/media?parent=14123"}],"wp:term":[{"taxonomy":"product_brand","embeddable":true,"href":"https:\/\/hexexist.com\/tr\/wp-json\/wp\/v2\/product_brand?post=14123"},{"taxonomy":"product_cat","embeddable":true,"href":"https:\/\/hexexist.com\/tr\/wp-json\/wp\/v2\/product_cat?post=14123"},{"taxonomy":"product_tag","embeddable":true,"href":"https:\/\/hexexist.com\/tr\/wp-json\/wp\/v2\/product_tag?post=14123"}],"curies":[{"name":"wp","href":"https:\/\/api.w.org\/{rel}","templated":true}]}}