{"id":14124,"date":"2025-10-09T09:49:31","date_gmt":"2025-10-09T09:49:31","guid":{"rendered":"http:\/\/hexexist.com\/product\/kolay-wp-smtp-wordpress-smtp-ve-e-posta-gunlukleri-gmail-office-365-outlook-ozel-smtp-ve-daha-fazlasi\/"},"modified":"2025-10-09T09:49:31","modified_gmt":"2025-10-09T09:49:31","slug":"kolay-wp-smtp-wordpress-smtp-ve-e-posta-gunlukleri-gmail-office-365-outlook-ozel-smtp-ve-daha-fazlasi","status":"publish","type":"product","link":"https:\/\/hexexist.com\/tr\/urun\/kolay-wp-smtp-wordpress-smtp-ve-e-posta-gunlukleri-gmail-office-365-outlook-ozel-smtp-ve-daha-fazlasi\/","title":{"rendered":"Kolay WP SMTP WordPress SMTP ve E-posta G\u00fcnl\u00fckleri: Gmail, Office 365, Outlook, \u00d6zel SMTP ve daha fazlas\u0131"},"content":{"rendered":"<p>WordPress e-postalar\u0131n\u0131z teslim edilmiyor mu?<\/p>\n","protected":false},"excerpt":{"rendered":"<p>WordPress e-postalar\u0131n\u0131z teslim edilmiyor mu?<\/p>\n","protected":false},"featured_media":12931,"comment_status":"open","ping_status":"closed","template":"","meta":[],"product_brand":[],"product_cat":[1413],"product_tag":[1605,2442,2494,2443,1661],"class_list":{"0":"post-14124","1":"product","2":"type-product","3":"status-publish","4":"has-post-thumbnail","6":"product_cat-eklentiler","7":"product_tag-e-posta","8":"product_tag-e-posta-gunlukleri","9":"product_tag-gmail-tr","10":"product_tag-gorunum","11":"product_tag-smtp-tr","13":"first","14":"instock","15":"downloadable","16":"virtual","17":"product-type-simple"},"_links":{"self":[{"href":"https:\/\/hexexist.com\/tr\/wp-json\/wp\/v2\/product\/14124","targetHints":{"allow":["GET"]}}],"collection":[{"href":"https:\/\/hexexist.com\/tr\/wp-json\/wp\/v2\/product"}],"about":[{"href":"https:\/\/hexexist.com\/tr\/wp-json\/wp\/v2\/types\/product"}],"replies":[{"embeddable":true,"href":"https:\/\/hexexist.com\/tr\/wp-json\/wp\/v2\/comments?post=14124"}],"wp:featuredmedia":[{"embeddable":true,"href":"https:\/\/hexexist.com\/tr\/wp-json\/wp\/v2\/media\/12931"}],"wp:attachment":[{"href":"https:\/\/hexexist.com\/tr\/wp-json\/wp\/v2\/media?parent=14124"}],"wp:term":[{"taxonomy":"product_brand","embeddable":true,"href":"https:\/\/hexexist.com\/tr\/wp-json\/wp\/v2\/product_brand?post=14124"},{"taxonomy":"product_cat","embeddable":true,"href":"https:\/\/hexexist.com\/tr\/wp-json\/wp\/v2\/product_cat?post=14124"},{"taxonomy":"product_tag","embeddable":true,"href":"https:\/\/hexexist.com\/tr\/wp-json\/wp\/v2\/product_tag?post=14124"}],"curies":[{"name":"wp","href":"https:\/\/api.w.org\/{rel}","templated":true}]}}