{"id":14126,"date":"2025-10-09T09:49:32","date_gmt":"2025-10-09T09:49:32","guid":{"rendered":"http:\/\/hexexist.com\/product\/wp-statistics-basit-gizlilik-dostu-google-analytics-alternatifi\/"},"modified":"2025-10-09T09:49:32","modified_gmt":"2025-10-09T09:49:32","slug":"wp-statistics-basit-gizlilik-dostu-google-analytics-alternatifi","status":"publish","type":"product","link":"https:\/\/hexexist.com\/tr\/urun\/wp-statistics-basit-gizlilik-dostu-google-analytics-alternatifi\/","title":{"rendered":"WP Statistics Basit, gizlilik dostu Google Analytics alternatifi"},"content":{"rendered":"<p>Google Analytics&#8217;e alternatif arayan WordPress kullan\u0131c\u0131lar\u0131 i\u00e7in en iyi se\u00e7im olan WP Statistics ile GDPR uyumlu analizleri ke\u015ffedin. Harici hesaplar yok, s\u0131n\u0131rs\u0131z ziyaret\u00e7i takibi ve tam veri sahipli\u011fi ?hepsi do\u011frudan WordPress veritaban\u0131n\u0131zda saklan\u0131r.<\/p>\n","protected":false},"excerpt":{"rendered":"<p>Google Analytics&#8217;e alternatif arayan WordPress kullan\u0131c\u0131lar\u0131 i\u00e7in en iyi se\u00e7im olan WP Statistics ile GDPR uyumlu analizleri ke\u015ffedin. Harici hesaplar yok, s\u0131n\u0131rs\u0131z ziyaret\u00e7i takibi ve tam veri sahipli\u011fi ?hepsi do\u011frudan WordPress veritaban\u0131n\u0131zda saklan\u0131r.<\/p>\n","protected":false},"featured_media":12944,"comment_status":"open","ping_status":"closed","template":"","meta":[],"product_brand":[],"product_cat":[1413],"product_tag":[1550,1980,1776,1680],"class_list":{"0":"post-14126","1":"product","2":"type-product","3":"status-publish","4":"has-post-thumbnail","6":"product_cat-eklentiler","7":"product_tag-analitik","8":"product_tag-google-analitik","9":"product_tag-icgoruler","10":"product_tag-istatistikler-tr","12":"first","13":"instock","14":"downloadable","15":"virtual","16":"product-type-simple"},"_links":{"self":[{"href":"https:\/\/hexexist.com\/tr\/wp-json\/wp\/v2\/product\/14126","targetHints":{"allow":["GET"]}}],"collection":[{"href":"https:\/\/hexexist.com\/tr\/wp-json\/wp\/v2\/product"}],"about":[{"href":"https:\/\/hexexist.com\/tr\/wp-json\/wp\/v2\/types\/product"}],"replies":[{"embeddable":true,"href":"https:\/\/hexexist.com\/tr\/wp-json\/wp\/v2\/comments?post=14126"}],"wp:featuredmedia":[{"embeddable":true,"href":"https:\/\/hexexist.com\/tr\/wp-json\/wp\/v2\/media\/12944"}],"wp:attachment":[{"href":"https:\/\/hexexist.com\/tr\/wp-json\/wp\/v2\/media?parent=14126"}],"wp:term":[{"taxonomy":"product_brand","embeddable":true,"href":"https:\/\/hexexist.com\/tr\/wp-json\/wp\/v2\/product_brand?post=14126"},{"taxonomy":"product_cat","embeddable":true,"href":"https:\/\/hexexist.com\/tr\/wp-json\/wp\/v2\/product_cat?post=14126"},{"taxonomy":"product_tag","embeddable":true,"href":"https:\/\/hexexist.com\/tr\/wp-json\/wp\/v2\/product_tag?post=14126"}],"curies":[{"name":"wp","href":"https:\/\/api.w.org\/{rel}","templated":true}]}}