{"id":14127,"date":"2025-10-09T09:49:31","date_gmt":"2025-10-09T09:49:31","guid":{"rendered":"http:\/\/hexexist.com\/product\/kirki-ozellestirici-cercevesi\/"},"modified":"2025-10-09T09:49:31","modified_gmt":"2025-10-09T09:49:31","slug":"kirki-ozellestirici-cercevesi","status":"publish","type":"product","link":"https:\/\/hexexist.com\/tr\/urun\/kirki-ozellestirici-cercevesi\/","title":{"rendered":"Kirki \u00d6zelle\u015ftirici \u00c7er\u00e7evesi"},"content":{"rendered":"<p>Kirki, WordPress i\u00e7in bir \u00f6zelle\u015ftirici ara\u00e7 setidir. Themeum taraf\u0131ndan WordPress tema geli\u015ftiricileri i\u00e7in a\u00e7\u0131k kaynakl\u0131 bir giri\u015fimdir. <\/p>\n","protected":false},"excerpt":{"rendered":"<p>Kirki, WordPress i\u00e7in bir \u00f6zelle\u015ftirici ara\u00e7 setidir. Themeum taraf\u0131ndan WordPress tema geli\u015ftiricileri i\u00e7in a\u00e7\u0131k kaynakl\u0131 bir giri\u015fimdir.<\/p>\n","protected":false},"featured_media":10559,"comment_status":"open","ping_status":"closed","template":"","meta":[],"product_brand":[],"product_cat":[1413],"product_tag":[2499,2017,2498,1614],"class_list":{"0":"post-14127","1":"product","2":"type-product","3":"status-publish","4":"has-post-thumbnail","6":"product_cat-eklentiler","7":"product_tag-arac-kiti","8":"product_tag-ozellestirici","9":"product_tag-secenekler-cercevesi","10":"product_tag-tema","12":"first","13":"instock","14":"downloadable","15":"virtual","16":"product-type-simple"},"_links":{"self":[{"href":"https:\/\/hexexist.com\/tr\/wp-json\/wp\/v2\/product\/14127","targetHints":{"allow":["GET"]}}],"collection":[{"href":"https:\/\/hexexist.com\/tr\/wp-json\/wp\/v2\/product"}],"about":[{"href":"https:\/\/hexexist.com\/tr\/wp-json\/wp\/v2\/types\/product"}],"replies":[{"embeddable":true,"href":"https:\/\/hexexist.com\/tr\/wp-json\/wp\/v2\/comments?post=14127"}],"wp:featuredmedia":[{"embeddable":true,"href":"https:\/\/hexexist.com\/tr\/wp-json\/wp\/v2\/media\/10559"}],"wp:attachment":[{"href":"https:\/\/hexexist.com\/tr\/wp-json\/wp\/v2\/media?parent=14127"}],"wp:term":[{"taxonomy":"product_brand","embeddable":true,"href":"https:\/\/hexexist.com\/tr\/wp-json\/wp\/v2\/product_brand?post=14127"},{"taxonomy":"product_cat","embeddable":true,"href":"https:\/\/hexexist.com\/tr\/wp-json\/wp\/v2\/product_cat?post=14127"},{"taxonomy":"product_tag","embeddable":true,"href":"https:\/\/hexexist.com\/tr\/wp-json\/wp\/v2\/product_tag?post=14127"}],"curies":[{"name":"wp","href":"https:\/\/api.w.org\/{rel}","templated":true}]}}