{"id":14128,"date":"2025-10-09T09:49:32","date_gmt":"2025-10-09T09:49:32","guid":{"rendered":"http:\/\/hexexist.com\/product\/siteoriginden-sayfa-olusturucu\/"},"modified":"2025-10-09T09:49:32","modified_gmt":"2025-10-09T09:49:32","slug":"siteoriginden-sayfa-olusturucu","status":"publish","type":"product","link":"https:\/\/hexexist.com\/tr\/urun\/siteoriginden-sayfa-olusturucu\/","title":{"rendered":"SiteOrigin&#8217;den Sayfa Olu\u015fturucu"},"content":{"rendered":"<p>SiteOrigin Sayfa Olu\u015fturucu, an\u0131nda tan\u0131nabilen, \u015fa\u015f\u0131rt\u0131c\u0131 derecede farkl\u0131, g\u00fc\u00e7l\u00fc bir i\u00e7erik olu\u015fturma aray\u00fcz\u00fcd\u00fcr. SiteOrigin Sayfa Olu\u015fturucu, bildi\u011finiz ve sevdi\u011finiz widget&#8217;lar\u0131 kullanarak duyarl\u0131 s\u00fctun tabanl\u0131 i\u00e7erik olu\u015fturmay\u0131 kolayla\u015ft\u0131r\u0131r. \u0130\u00e7eri\u011finiz t\u00fcm mobil cihazlara do\u011fru bir \u015fekilde uyum sa\u011flayarak sitenizin mobil cihazlara haz\u0131r olmas\u0131n\u0131 sa\u011flar. SiteOrigin hakk\u0131nda daha fazlas\u0131n\u0131 okuyun.   <\/p>\n","protected":false},"excerpt":{"rendered":"<p>SiteOrigin Sayfa Olu\u015fturucu, an\u0131nda tan\u0131nabilen, \u015fa\u015f\u0131rt\u0131c\u0131 derecede farkl\u0131, g\u00fc\u00e7l\u00fc bir i\u00e7erik olu\u015fturma aray\u00fcz\u00fcd\u00fcr. SiteOrigin Sayfa Olu\u015fturucu, bildi\u011finiz ve sevdi\u011finiz widget&#8217;lar\u0131 kullanarak duyarl\u0131 s\u00fctun tabanl\u0131 i\u00e7erik olu\u015fturmay\u0131 kolayla\u015ft\u0131r\u0131r. \u0130\u00e7eri\u011finiz t\u00fcm mobil cihazlara do\u011fru bir \u015fekilde uyum sa\u011flayarak sitenizin mobil cihazlara haz\u0131r olmas\u0131n\u0131 sa\u011flar. SiteOrigin hakk\u0131nda daha fazlas\u0131n\u0131 okuyun.<\/p>\n","protected":false},"featured_media":12943,"comment_status":"open","ping_status":"closed","template":"","meta":[],"product_brand":[],"product_cat":[1413],"product_tag":[2500,2501,1535,1997,1869],"class_list":{"0":"post-14128","1":"product","2":"type-product","3":"status-publish","4":"has-post-thumbnail","6":"product_cat-eklentiler","7":"product_tag-duyarli-tasarim","8":"product_tag-gorsel-duzenleyici","9":"product_tag-sayfa-olusturucu","10":"product_tag-surukle-ve-birak","11":"product_tag-web-sitesi-olusturucu","13":"first","14":"instock","15":"downloadable","16":"virtual","17":"product-type-simple"},"_links":{"self":[{"href":"https:\/\/hexexist.com\/tr\/wp-json\/wp\/v2\/product\/14128","targetHints":{"allow":["GET"]}}],"collection":[{"href":"https:\/\/hexexist.com\/tr\/wp-json\/wp\/v2\/product"}],"about":[{"href":"https:\/\/hexexist.com\/tr\/wp-json\/wp\/v2\/types\/product"}],"replies":[{"embeddable":true,"href":"https:\/\/hexexist.com\/tr\/wp-json\/wp\/v2\/comments?post=14128"}],"wp:featuredmedia":[{"embeddable":true,"href":"https:\/\/hexexist.com\/tr\/wp-json\/wp\/v2\/media\/12943"}],"wp:attachment":[{"href":"https:\/\/hexexist.com\/tr\/wp-json\/wp\/v2\/media?parent=14128"}],"wp:term":[{"taxonomy":"product_brand","embeddable":true,"href":"https:\/\/hexexist.com\/tr\/wp-json\/wp\/v2\/product_brand?post=14128"},{"taxonomy":"product_cat","embeddable":true,"href":"https:\/\/hexexist.com\/tr\/wp-json\/wp\/v2\/product_cat?post=14128"},{"taxonomy":"product_tag","embeddable":true,"href":"https:\/\/hexexist.com\/tr\/wp-json\/wp\/v2\/product_tag?post=14128"}],"curies":[{"name":"wp","href":"https:\/\/api.w.org\/{rel}","templated":true}]}}