{"id":14129,"date":"2025-10-09T09:49:31","date_gmt":"2025-10-09T09:49:31","guid":{"rendered":"http:\/\/hexexist.com\/product\/ustbilgi-altbilgi-kod-yoneticisi\/"},"modified":"2025-10-09T09:49:31","modified_gmt":"2025-10-09T09:49:31","slug":"ustbilgi-altbilgi-kod-yoneticisi","status":"publish","type":"product","link":"https:\/\/hexexist.com\/tr\/urun\/ustbilgi-altbilgi-kod-yoneticisi\/","title":{"rendered":"\u00dcstbilgi Altbilgi Kod Y\u00f6neticisi"},"content":{"rendered":"<p>Header Footer Code Manager by 99 Robots, sayfan\u0131z\u0131n \u00fcstbilgisine veya altbilgisine ya da i\u00e7eri\u011finin \u00fcst\u00fcne veya alt\u0131na kod par\u00e7ac\u0131klar\u0131 eklemek i\u00e7in kolay bir aray\u00fczd\u00fcr.<\/p>\n","protected":false},"excerpt":{"rendered":"<p>Header Footer Code Manager by 99 Robots, sayfan\u0131z\u0131n \u00fcstbilgisine veya altbilgisine ya da i\u00e7eri\u011finin \u00fcst\u00fcne veya alt\u0131na kod par\u00e7ac\u0131klar\u0131 eklemek i\u00e7in kolay bir aray\u00fczd\u00fcr.<\/p>\n","protected":false},"featured_media":12935,"comment_status":"open","ping_status":"closed","template":"","meta":[],"product_brand":[],"product_cat":[1413],"product_tag":[1698,2380,2503,2502,2504],"class_list":{"0":"post-14129","1":"product","2":"type-product","3":"status-publish","4":"has-post-thumbnail","6":"product_cat-eklentiler","7":"product_tag-altbilgi","8":"product_tag-baslik-tr","9":"product_tag-functions-php-tr","10":"product_tag-kod-yoneticisi","11":"product_tag-snippet-tr","13":"first","14":"instock","15":"downloadable","16":"virtual","17":"product-type-simple"},"_links":{"self":[{"href":"https:\/\/hexexist.com\/tr\/wp-json\/wp\/v2\/product\/14129","targetHints":{"allow":["GET"]}}],"collection":[{"href":"https:\/\/hexexist.com\/tr\/wp-json\/wp\/v2\/product"}],"about":[{"href":"https:\/\/hexexist.com\/tr\/wp-json\/wp\/v2\/types\/product"}],"replies":[{"embeddable":true,"href":"https:\/\/hexexist.com\/tr\/wp-json\/wp\/v2\/comments?post=14129"}],"wp:featuredmedia":[{"embeddable":true,"href":"https:\/\/hexexist.com\/tr\/wp-json\/wp\/v2\/media\/12935"}],"wp:attachment":[{"href":"https:\/\/hexexist.com\/tr\/wp-json\/wp\/v2\/media?parent=14129"}],"wp:term":[{"taxonomy":"product_brand","embeddable":true,"href":"https:\/\/hexexist.com\/tr\/wp-json\/wp\/v2\/product_brand?post=14129"},{"taxonomy":"product_cat","embeddable":true,"href":"https:\/\/hexexist.com\/tr\/wp-json\/wp\/v2\/product_cat?post=14129"},{"taxonomy":"product_tag","embeddable":true,"href":"https:\/\/hexexist.com\/tr\/wp-json\/wp\/v2\/product_tag?post=14129"}],"curies":[{"name":"wp","href":"https:\/\/api.w.org\/{rel}","templated":true}]}}