{"id":14130,"date":"2025-10-09T09:49:32","date_gmt":"2025-10-09T09:49:32","guid":{"rendered":"http:\/\/hexexist.com\/product\/siteguard-wp-eklentisi\/"},"modified":"2025-10-09T09:49:32","modified_gmt":"2025-10-09T09:49:32","slug":"siteguard-wp-eklentisi","status":"publish","type":"product","link":"https:\/\/hexexist.com\/tr\/urun\/siteguard-wp-eklentisi\/","title":{"rendered":"SiteGuard WP Eklentisi"},"content":{"rendered":"<p>Dok\u00fcmanlar, SSS ve daha detayl\u0131 bilgiyi \u0130ngilizce Sayfa Japonca Sayfa&#8217;da bulabilirsiniz.<\/p>\n","protected":false},"excerpt":{"rendered":"<p>Dok\u00fcmanlar, SSS ve daha detayl\u0131 bilgiyi \u0130ngilizce Sayfa Japonca Sayfa&#8217;da bulabilirsiniz.<\/p>\n","protected":false},"featured_media":12942,"comment_status":"open","ping_status":"closed","template":"","meta":[],"product_brand":[],"product_cat":[1413],"product_tag":[1545,1670,2505,1455,2290],"class_list":{"0":"post-14130","1":"product","2":"type-product","3":"status-publish","4":"has-post-thumbnail","6":"product_cat-eklentiler","7":"product_tag-captcha-tr","8":"product_tag-giris-kilidi","9":"product_tag-giris-uyarisi","10":"product_tag-guvenlik","11":"product_tag-pingback-tr","13":"first","14":"instock","15":"downloadable","16":"virtual","17":"product-type-simple"},"_links":{"self":[{"href":"https:\/\/hexexist.com\/tr\/wp-json\/wp\/v2\/product\/14130","targetHints":{"allow":["GET"]}}],"collection":[{"href":"https:\/\/hexexist.com\/tr\/wp-json\/wp\/v2\/product"}],"about":[{"href":"https:\/\/hexexist.com\/tr\/wp-json\/wp\/v2\/types\/product"}],"replies":[{"embeddable":true,"href":"https:\/\/hexexist.com\/tr\/wp-json\/wp\/v2\/comments?post=14130"}],"wp:featuredmedia":[{"embeddable":true,"href":"https:\/\/hexexist.com\/tr\/wp-json\/wp\/v2\/media\/12942"}],"wp:attachment":[{"href":"https:\/\/hexexist.com\/tr\/wp-json\/wp\/v2\/media?parent=14130"}],"wp:term":[{"taxonomy":"product_brand","embeddable":true,"href":"https:\/\/hexexist.com\/tr\/wp-json\/wp\/v2\/product_brand?post=14130"},{"taxonomy":"product_cat","embeddable":true,"href":"https:\/\/hexexist.com\/tr\/wp-json\/wp\/v2\/product_cat?post=14130"},{"taxonomy":"product_tag","embeddable":true,"href":"https:\/\/hexexist.com\/tr\/wp-json\/wp\/v2\/product_tag?post=14130"}],"curies":[{"name":"wp","href":"https:\/\/api.w.org\/{rel}","templated":true}]}}