{"id":14131,"date":"2025-10-09T09:49:31","date_gmt":"2025-10-09T09:49:31","guid":{"rendered":"http:\/\/hexexist.com\/product\/forminator-forms-iletisim-formu-odeme-formu-ve-ozel-form-olusturucu\/"},"modified":"2025-10-09T09:49:31","modified_gmt":"2025-10-09T09:49:31","slug":"forminator-forms-iletisim-formu-odeme-formu-ve-ozel-form-olusturucu","status":"publish","type":"product","link":"https:\/\/hexexist.com\/tr\/urun\/forminator-forms-iletisim-formu-odeme-formu-ve-ozel-form-olusturucu\/","title":{"rendered":"Forminator Forms \u0130leti\u015fim Formu, \u00d6deme Formu ve \u00d6zel Form Olu\u015fturucu"},"content":{"rendered":"<p>Tipik form olu\u015fturma eklentiniz de\u011fil. Forminator, her web sitesi ve durum i\u00e7in kullan\u0131m\u0131 kolay WordPress form olu\u015fturucu eklentisidir. Herhangi bir form ileti\u015fim formu, sipari\u015f formu, \u00f6deme formu, e-posta formu, geri bildirim widget&#8217;lar\u0131, ger\u00e7ek zamanl\u0131 sonu\u00e7lara sahip etkile\u015fimli anketler, buzzfeed tarz\u0131 yanl\u0131\u015f cevap yok s\u0131navlar\u0131, hizmet tahmin edicileri ve PayPal ve Stripe dahil \u00f6deme se\u00e7enekleriyle kay\u0131t formlar\u0131 olu\u015fturman\u0131n en kolay yoludur.<\/p>\n","protected":false},"excerpt":{"rendered":"<p>Tipik form olu\u015fturma eklentiniz de\u011fil. Forminator, her web sitesi ve durum i\u00e7in kullan\u0131m\u0131 kolay WordPress form olu\u015fturucu eklentisidir. Herhangi bir form ileti\u015fim formu, sipari\u015f formu, \u00f6deme formu, e-posta formu, geri bildirim widget&#8217;lar\u0131, ger\u00e7ek zamanl\u0131 sonu\u00e7lara sahip etkile\u015fimli anketler, buzzfeed tarz\u0131 yanl\u0131\u015f cevap yok s\u0131navlar\u0131, hizmet tahmin edicileri ve PayPal ve Stripe dahil \u00f6deme se\u00e7enekleriyle kay\u0131t [&hellip;]<\/p>\n","protected":false},"featured_media":12934,"comment_status":"open","ping_status":"closed","template":"","meta":[],"product_brand":[],"product_cat":[1413],"product_tag":[1528,1524,2506,1843,2507],"class_list":{"0":"post-14131","1":"product","2":"type-product","3":"status-publish","4":"has-post-thumbnail","6":"product_cat-eklentiler","7":"product_tag-formlar","8":"product_tag-iletisim-formu","9":"product_tag-odeme-formu","10":"product_tag-ozel-form","11":"product_tag-wordpress-form-eklentisi","13":"first","14":"instock","15":"downloadable","16":"virtual","17":"product-type-simple"},"_links":{"self":[{"href":"https:\/\/hexexist.com\/tr\/wp-json\/wp\/v2\/product\/14131","targetHints":{"allow":["GET"]}}],"collection":[{"href":"https:\/\/hexexist.com\/tr\/wp-json\/wp\/v2\/product"}],"about":[{"href":"https:\/\/hexexist.com\/tr\/wp-json\/wp\/v2\/types\/product"}],"replies":[{"embeddable":true,"href":"https:\/\/hexexist.com\/tr\/wp-json\/wp\/v2\/comments?post=14131"}],"wp:featuredmedia":[{"embeddable":true,"href":"https:\/\/hexexist.com\/tr\/wp-json\/wp\/v2\/media\/12934"}],"wp:attachment":[{"href":"https:\/\/hexexist.com\/tr\/wp-json\/wp\/v2\/media?parent=14131"}],"wp:term":[{"taxonomy":"product_brand","embeddable":true,"href":"https:\/\/hexexist.com\/tr\/wp-json\/wp\/v2\/product_brand?post=14131"},{"taxonomy":"product_cat","embeddable":true,"href":"https:\/\/hexexist.com\/tr\/wp-json\/wp\/v2\/product_cat?post=14131"},{"taxonomy":"product_tag","embeddable":true,"href":"https:\/\/hexexist.com\/tr\/wp-json\/wp\/v2\/product_tag?post=14131"}],"curies":[{"name":"wp","href":"https:\/\/api.w.org\/{rel}","templated":true}]}}