{"id":14132,"date":"2025-10-09T09:49:32","date_gmt":"2025-10-09T09:49:32","guid":{"rendered":"http:\/\/hexexist.com\/product\/okyanus-ekstra\/"},"modified":"2025-10-09T09:49:32","modified_gmt":"2025-10-09T09:49:32","slug":"okyanus-ekstra","status":"publish","type":"product","link":"https:\/\/hexexist.com\/tr\/urun\/okyanus-ekstra\/","title":{"rendered":"Okyanus Ekstra"},"content":{"rendered":"<p>Ocean Extra, turbo\u015farjl\u0131 bir deneyim i\u00e7in OceanWP temas\u0131na ekstra \u00f6zellikler ve esneklik ekler.<\/p>\n","protected":false},"excerpt":{"rendered":"<p>Ocean Extra, turbo\u015farjl\u0131 bir deneyim i\u00e7in OceanWP temas\u0131na ekstra \u00f6zellikler ve esneklik ekler.<\/p>\n","protected":false},"featured_media":12941,"comment_status":"open","ping_status":"closed","template":"","meta":[],"product_brand":[],"product_cat":[1413],"product_tag":[2508,2509,2510,1789,2030],"class_list":{"0":"post-14132","1":"product","2":"type-product","3":"status-publish","4":"has-post-thumbnail","6":"product_cat-eklentiler","7":"product_tag-meta-kutusu","8":"product_tag-metabox-tr","9":"product_tag-metaboxes-tr","10":"product_tag-oceanwp-tr","11":"product_tag-widgetlar","13":"first","14":"instock","15":"downloadable","16":"virtual","17":"product-type-simple"},"_links":{"self":[{"href":"https:\/\/hexexist.com\/tr\/wp-json\/wp\/v2\/product\/14132","targetHints":{"allow":["GET"]}}],"collection":[{"href":"https:\/\/hexexist.com\/tr\/wp-json\/wp\/v2\/product"}],"about":[{"href":"https:\/\/hexexist.com\/tr\/wp-json\/wp\/v2\/types\/product"}],"replies":[{"embeddable":true,"href":"https:\/\/hexexist.com\/tr\/wp-json\/wp\/v2\/comments?post=14132"}],"wp:featuredmedia":[{"embeddable":true,"href":"https:\/\/hexexist.com\/tr\/wp-json\/wp\/v2\/media\/12941"}],"wp:attachment":[{"href":"https:\/\/hexexist.com\/tr\/wp-json\/wp\/v2\/media?parent=14132"}],"wp:term":[{"taxonomy":"product_brand","embeddable":true,"href":"https:\/\/hexexist.com\/tr\/wp-json\/wp\/v2\/product_brand?post=14132"},{"taxonomy":"product_cat","embeddable":true,"href":"https:\/\/hexexist.com\/tr\/wp-json\/wp\/v2\/product_cat?post=14132"},{"taxonomy":"product_tag","embeddable":true,"href":"https:\/\/hexexist.com\/tr\/wp-json\/wp\/v2\/product_tag?post=14132"}],"curies":[{"name":"wp","href":"https:\/\/api.w.org\/{rel}","templated":true}]}}