{"id":14133,"date":"2025-10-09T09:49:31","date_gmt":"2025-10-09T09:49:31","guid":{"rendered":"http:\/\/hexexist.com\/product\/ortam-degistirmeyi-etkinlestir\/"},"modified":"2025-10-09T09:49:31","modified_gmt":"2025-10-09T09:49:31","slug":"ortam-degistirmeyi-etkinlestir","status":"publish","type":"product","link":"https:\/\/hexexist.com\/tr\/urun\/ortam-degistirmeyi-etkinlestir\/","title":{"rendered":"Ortam De\u011fi\u015ftirmeyi Etkinle\u015ftir"},"content":{"rendered":"<p>Medya Kitapl\u0131\u011f\u0131n\u0131zdaki bir g\u00f6r\u00fcnt\u00fcy\u00fc veya dosyay\u0131, yerine yeni bir dosya y\u00fckleyerek sorunsuz bir \u015fekilde de\u011fi\u015ftirmenize olanak tan\u0131yan \u00fccretsiz, hafif ve kullan\u0131m\u0131 kolay bir eklenti. Art\u0131k dosyalar\u0131 silmek, yeniden adland\u0131rmak ve yeniden y\u00fcklemek yok! \u015eimdi WP Offload Media ile tamamen uyumlu! Yeni beta \u00f6zelli\u011fi! E-Ticaret \u00e7\u00f6z\u00fcmleriyle daha iyi entegrasyon i\u00e7in art\u0131k g\u00f6rsellerinizin arka plan\u0131n\u0131 kald\u0131rabilirsiniz! ShortPixel&#8217;i yaratan dost canl\u0131s\u0131 ekip taraf\u0131ndan desteklenmektedir \ud83d\ude42     <\/p>\n","protected":false},"excerpt":{"rendered":"<p>Medya Kitapl\u0131\u011f\u0131n\u0131zdaki bir g\u00f6r\u00fcnt\u00fcy\u00fc veya dosyay\u0131, yerine yeni bir dosya y\u00fckleyerek sorunsuz bir \u015fekilde de\u011fi\u015ftirmenize olanak tan\u0131yan \u00fccretsiz, hafif ve kullan\u0131m\u0131 kolay bir eklenti. Art\u0131k dosyalar\u0131 silmek, yeniden adland\u0131rmak ve yeniden y\u00fcklemek yok! \u015eimdi WP Offload Media ile tamamen uyumlu! Yeni beta \u00f6zelli\u011fi! E-Ticaret \u00e7\u00f6z\u00fcmleriyle daha iyi entegrasyon i\u00e7in art\u0131k g\u00f6rsellerinizin arka plan\u0131n\u0131 kald\u0131rabilirsiniz! ShortPixel&#8217;i [&hellip;]<\/p>\n","protected":false},"featured_media":12932,"comment_status":"open","ping_status":"closed","template":"","meta":[],"product_brand":[],"product_cat":[1413],"product_tag":[2512,1542,2513,2511],"class_list":{"0":"post-14133","1":"product","2":"type-product","3":"status-publish","4":"has-post-thumbnail","6":"product_cat-eklentiler","7":"product_tag-arka-plani-kaldir","8":"product_tag-degistirin","9":"product_tag-goruntuyu-degistir","10":"product_tag-medyayi-degistir","12":"first","13":"instock","14":"downloadable","15":"virtual","16":"product-type-simple"},"_links":{"self":[{"href":"https:\/\/hexexist.com\/tr\/wp-json\/wp\/v2\/product\/14133","targetHints":{"allow":["GET"]}}],"collection":[{"href":"https:\/\/hexexist.com\/tr\/wp-json\/wp\/v2\/product"}],"about":[{"href":"https:\/\/hexexist.com\/tr\/wp-json\/wp\/v2\/types\/product"}],"replies":[{"embeddable":true,"href":"https:\/\/hexexist.com\/tr\/wp-json\/wp\/v2\/comments?post=14133"}],"wp:featuredmedia":[{"embeddable":true,"href":"https:\/\/hexexist.com\/tr\/wp-json\/wp\/v2\/media\/12932"}],"wp:attachment":[{"href":"https:\/\/hexexist.com\/tr\/wp-json\/wp\/v2\/media?parent=14133"}],"wp:term":[{"taxonomy":"product_brand","embeddable":true,"href":"https:\/\/hexexist.com\/tr\/wp-json\/wp\/v2\/product_brand?post=14133"},{"taxonomy":"product_cat","embeddable":true,"href":"https:\/\/hexexist.com\/tr\/wp-json\/wp\/v2\/product_cat?post=14133"},{"taxonomy":"product_tag","embeddable":true,"href":"https:\/\/hexexist.com\/tr\/wp-json\/wp\/v2\/product_tag?post=14133"}],"curies":[{"name":"wp","href":"https:\/\/api.w.org\/{rel}","templated":true}]}}