{"id":14134,"date":"2025-10-09T09:49:35","date_gmt":"2025-10-09T09:49:35","guid":{"rendered":"http:\/\/hexexist.com\/product\/wordpress-icin-gosmtp-smtp\/"},"modified":"2025-10-09T09:49:35","modified_gmt":"2025-10-09T09:49:35","slug":"wordpress-icin-gosmtp-smtp","status":"publish","type":"product","link":"https:\/\/hexexist.com\/tr\/urun\/wordpress-icin-gosmtp-smtp\/","title":{"rendered":"WordPress i\u00e7in GoSMTP SMTP"},"content":{"rendered":"<p>GoSMTP, WordPress&#8217;inizden SMTP veya bir\u00e7ok pop\u00fcler e-posta g\u00f6nderme hizmeti \u00fczerinden e-posta g\u00f6ndermenize olanak tan\u0131r. Bir\u00e7ok web bar\u0131nd\u0131rma \u015firketinin e-posta teslim edilebilirli\u011fini k\u0131s\u0131tlayan kat\u0131 posta g\u00f6nderme kurallar\u0131 ve s\u0131n\u0131rlamalar\u0131 vard\u0131r. GoSMTP ile, bar\u0131nd\u0131rma sa\u011flay\u0131c\u0131n\u0131z\u0131n PHP e-postas\u0131n\u0131 kullanmak yerine SMTP \u00fczerinden veya \u00e7e\u015fitli e-posta sa\u011flay\u0131c\u0131lar\u0131n\u0131n API&#8217;lerini kullanarak e-posta g\u00f6ndereceksiniz.  <\/p>\n","protected":false},"excerpt":{"rendered":"<p>GoSMTP, WordPress&#8217;inizden SMTP veya bir\u00e7ok pop\u00fcler e-posta g\u00f6nderme hizmeti \u00fczerinden e-posta g\u00f6ndermenize olanak tan\u0131r. Bir\u00e7ok web bar\u0131nd\u0131rma \u015firketinin e-posta teslim edilebilirli\u011fini k\u0131s\u0131tlayan kat\u0131 posta g\u00f6nderme kurallar\u0131 ve s\u0131n\u0131rlamalar\u0131 vard\u0131r. GoSMTP ile, bar\u0131nd\u0131rma sa\u011flay\u0131c\u0131n\u0131z\u0131n PHP e-postas\u0131n\u0131 kullanmak yerine SMTP \u00fczerinden veya \u00e7e\u015fitli e-posta sa\u011flay\u0131c\u0131lar\u0131n\u0131n API&#8217;lerini kullanarak e-posta g\u00f6ndereceksiniz.<\/p>\n","protected":false},"featured_media":12952,"comment_status":"open","ping_status":"closed","template":"","meta":[],"product_brand":[],"product_cat":[1413],"product_tag":[2444,2514,1661,2515],"class_list":{"0":"post-14134","1":"product","2":"type-product","3":"status-publish","4":"has-post-thumbnail","6":"product_cat-eklentiler","7":"product_tag-gmail-smtp-tr","8":"product_tag-sendgrid-smtp-tr","9":"product_tag-smtp-tr","10":"product_tag-wordpress-smtp-tr","12":"first","13":"instock","14":"downloadable","15":"virtual","16":"product-type-simple"},"_links":{"self":[{"href":"https:\/\/hexexist.com\/tr\/wp-json\/wp\/v2\/product\/14134","targetHints":{"allow":["GET"]}}],"collection":[{"href":"https:\/\/hexexist.com\/tr\/wp-json\/wp\/v2\/product"}],"about":[{"href":"https:\/\/hexexist.com\/tr\/wp-json\/wp\/v2\/types\/product"}],"replies":[{"embeddable":true,"href":"https:\/\/hexexist.com\/tr\/wp-json\/wp\/v2\/comments?post=14134"}],"wp:featuredmedia":[{"embeddable":true,"href":"https:\/\/hexexist.com\/tr\/wp-json\/wp\/v2\/media\/12952"}],"wp:attachment":[{"href":"https:\/\/hexexist.com\/tr\/wp-json\/wp\/v2\/media?parent=14134"}],"wp:term":[{"taxonomy":"product_brand","embeddable":true,"href":"https:\/\/hexexist.com\/tr\/wp-json\/wp\/v2\/product_brand?post=14134"},{"taxonomy":"product_cat","embeddable":true,"href":"https:\/\/hexexist.com\/tr\/wp-json\/wp\/v2\/product_cat?post=14134"},{"taxonomy":"product_tag","embeddable":true,"href":"https:\/\/hexexist.com\/tr\/wp-json\/wp\/v2\/product_tag?post=14134"}],"curies":[{"name":"wp","href":"https:\/\/api.w.org\/{rel}","templated":true}]}}