{"id":14135,"date":"2025-10-09T09:49:32","date_gmt":"2025-10-09T09:49:32","guid":{"rendered":"http:\/\/hexexist.com\/product\/metaslider-ile-kaydirici-galeri-ve-carousel-resim-kaydirici-video-kaydirici\/"},"modified":"2025-10-09T09:49:32","modified_gmt":"2025-10-09T09:49:32","slug":"metaslider-ile-kaydirici-galeri-ve-carousel-resim-kaydirici-video-kaydirici","status":"publish","type":"product","link":"https:\/\/hexexist.com\/tr\/urun\/metaslider-ile-kaydirici-galeri-ve-carousel-resim-kaydirici-video-kaydirici\/","title":{"rendered":"MetaSlider ile Kayd\u0131r\u0131c\u0131, Galeri ve Carousel Resim Kayd\u0131r\u0131c\u0131, Video Kayd\u0131r\u0131c\u0131"},"content":{"rendered":"<p>MetaSlider ile dakikalar i\u00e7inde g\u00fc\u00e7l\u00fc, SEO i\u00e7in optimize edilmi\u015f bir kayd\u0131r\u0131c\u0131, slayt g\u00f6sterisi, karusel veya galeri olu\u015fturabilirsiniz. MetaSlider d\u00fcnyan\u0131n 1 numaral\u0131 duyarl\u0131 WordPress kayd\u0131r\u0131c\u0131 eklentisidir. MetaSlider, resim ve foto\u011fraf kayd\u0131r\u0131c\u0131lar\u0131 i\u00e7in en iyi se\u00e7imdir. MetaSlider Pro video (YouTube, Vimeo, TikTok, yerel ve harici), katman, WooCommerce \u00fcr\u00fcnleri, \u00f6zel HTML, tek yaz\u0131, yaz\u0131 besleme kayd\u0131r\u0131c\u0131lar\u0131 ve daha fazlas\u0131 i\u00e7in destek ekler!   <\/p>\n","protected":false},"excerpt":{"rendered":"<p>MetaSlider ile dakikalar i\u00e7inde g\u00fc\u00e7l\u00fc, SEO i\u00e7in optimize edilmi\u015f bir kayd\u0131r\u0131c\u0131, slayt g\u00f6sterisi, karusel veya galeri olu\u015fturabilirsiniz. MetaSlider d\u00fcnyan\u0131n 1 numaral\u0131 duyarl\u0131 WordPress kayd\u0131r\u0131c\u0131 eklentisidir. MetaSlider, resim ve foto\u011fraf kayd\u0131r\u0131c\u0131lar\u0131 i\u00e7in en iyi se\u00e7imdir. MetaSlider Pro video (YouTube, Vimeo, TikTok, yerel ve harici), katman, WooCommerce \u00fcr\u00fcnleri, \u00f6zel HTML, tek yaz\u0131, yaz\u0131 besleme kayd\u0131r\u0131c\u0131lar\u0131 ve daha [&hellip;]<\/p>\n","protected":false},"featured_media":12940,"comment_status":"open","ping_status":"closed","template":"","meta":[],"product_brand":[],"product_cat":[1413],"product_tag":[1703,2218,2028,1639,2221],"class_list":{"0":"post-14135","1":"product","2":"type-product","3":"status-publish","4":"has-post-thumbnail","6":"product_cat-eklentiler","7":"product_tag-galeri","8":"product_tag-goruntu-kaydirici","9":"product_tag-karusel-kaydirici","10":"product_tag-kaydirici","11":"product_tag-video-kaydirici","13":"first","14":"instock","15":"downloadable","16":"virtual","17":"product-type-simple"},"_links":{"self":[{"href":"https:\/\/hexexist.com\/tr\/wp-json\/wp\/v2\/product\/14135","targetHints":{"allow":["GET"]}}],"collection":[{"href":"https:\/\/hexexist.com\/tr\/wp-json\/wp\/v2\/product"}],"about":[{"href":"https:\/\/hexexist.com\/tr\/wp-json\/wp\/v2\/types\/product"}],"replies":[{"embeddable":true,"href":"https:\/\/hexexist.com\/tr\/wp-json\/wp\/v2\/comments?post=14135"}],"wp:featuredmedia":[{"embeddable":true,"href":"https:\/\/hexexist.com\/tr\/wp-json\/wp\/v2\/media\/12940"}],"wp:attachment":[{"href":"https:\/\/hexexist.com\/tr\/wp-json\/wp\/v2\/media?parent=14135"}],"wp:term":[{"taxonomy":"product_brand","embeddable":true,"href":"https:\/\/hexexist.com\/tr\/wp-json\/wp\/v2\/product_brand?post=14135"},{"taxonomy":"product_cat","embeddable":true,"href":"https:\/\/hexexist.com\/tr\/wp-json\/wp\/v2\/product_cat?post=14135"},{"taxonomy":"product_tag","embeddable":true,"href":"https:\/\/hexexist.com\/tr\/wp-json\/wp\/v2\/product_tag?post=14135"}],"curies":[{"name":"wp","href":"https:\/\/api.w.org\/{rel}","templated":true}]}}