{"id":14136,"date":"2025-10-09T09:49:32","date_gmt":"2025-10-09T09:49:32","guid":{"rendered":"http:\/\/hexexist.com\/product\/elementor-icin-metform-iletisim-formu-anket-test-ve-ozel-form-olusturucu\/"},"modified":"2025-10-09T09:49:32","modified_gmt":"2025-10-09T09:49:32","slug":"elementor-icin-metform-iletisim-formu-anket-test-ve-ozel-form-olusturucu","status":"publish","type":"product","link":"https:\/\/hexexist.com\/tr\/urun\/elementor-icin-metform-iletisim-formu-anket-test-ve-ozel-form-olusturucu\/","title":{"rendered":"Elementor i\u00e7in MetForm \u0130leti\u015fim Formu, Anket, Test ve \u00d6zel Form Olu\u015fturucu"},"content":{"rendered":"<p>MetForm , s\u00fcr\u00fckle ve b\u0131rak WordPress ileti\u015fim formu olu\u015fturucu Elementor i\u00e7in bir eklentidir. Bu Elementor form olu\u015fturucu eklentisi, sezgisel bir ger\u00e7ek zamanl\u0131 form olu\u015fturma deneyimi sa\u011flayarak, herhangi bir uzmanl\u0131k seviyesindeki herkesin profesyonelce tasarlanm\u0131\u015f web sitesi formlar\u0131 olu\u015fturmas\u0131na olanak tan\u0131r. <\/p>\n","protected":false},"excerpt":{"rendered":"<p>MetForm , s\u00fcr\u00fckle ve b\u0131rak WordPress ileti\u015fim formu olu\u015fturucu Elementor i\u00e7in bir eklentidir. Bu Elementor form olu\u015fturucu eklentisi, sezgisel bir ger\u00e7ek zamanl\u0131 form olu\u015fturma deneyimi sa\u011flayarak, herhangi bir uzmanl\u0131k seviyesindeki herkesin profesyonelce tasarlanm\u0131\u015f web sitesi formlar\u0131 olu\u015fturmas\u0131na olanak tan\u0131r.<\/p>\n","protected":false},"featured_media":12939,"comment_status":"open","ping_status":"closed","template":"","meta":[],"product_brand":[],"product_cat":[1413],"product_tag":[1527,2516,1843],"class_list":{"0":"post-14136","1":"product","2":"type-product","3":"status-publish","4":"has-post-thumbnail","6":"product_cat-eklentiler","7":"product_tag-form-olusturucu","8":"product_tag-iletisim-formu-olusturucu","9":"product_tag-ozel-form","11":"first","12":"instock","13":"downloadable","14":"virtual","15":"product-type-simple"},"_links":{"self":[{"href":"https:\/\/hexexist.com\/tr\/wp-json\/wp\/v2\/product\/14136","targetHints":{"allow":["GET"]}}],"collection":[{"href":"https:\/\/hexexist.com\/tr\/wp-json\/wp\/v2\/product"}],"about":[{"href":"https:\/\/hexexist.com\/tr\/wp-json\/wp\/v2\/types\/product"}],"replies":[{"embeddable":true,"href":"https:\/\/hexexist.com\/tr\/wp-json\/wp\/v2\/comments?post=14136"}],"wp:featuredmedia":[{"embeddable":true,"href":"https:\/\/hexexist.com\/tr\/wp-json\/wp\/v2\/media\/12939"}],"wp:attachment":[{"href":"https:\/\/hexexist.com\/tr\/wp-json\/wp\/v2\/media?parent=14136"}],"wp:term":[{"taxonomy":"product_brand","embeddable":true,"href":"https:\/\/hexexist.com\/tr\/wp-json\/wp\/v2\/product_brand?post=14136"},{"taxonomy":"product_cat","embeddable":true,"href":"https:\/\/hexexist.com\/tr\/wp-json\/wp\/v2\/product_cat?post=14136"},{"taxonomy":"product_tag","embeddable":true,"href":"https:\/\/hexexist.com\/tr\/wp-json\/wp\/v2\/product_tag?post=14136"}],"curies":[{"name":"wp","href":"https:\/\/api.w.org\/{rel}","templated":true}]}}