{"id":14137,"date":"2025-10-09T09:49:35","date_gmt":"2025-10-09T09:49:35","guid":{"rendered":"http:\/\/hexexist.com\/product\/ga-google-analytics-google-analyticsi-wordpresse-baglama\/"},"modified":"2025-10-09T09:49:35","modified_gmt":"2025-10-09T09:49:35","slug":"ga-google-analytics-google-analyticsi-wordpresse-baglama","status":"publish","type":"product","link":"https:\/\/hexexist.com\/tr\/urun\/ga-google-analytics-google-analyticsi-wordpresse-baglama\/","title":{"rendered":"GA Google Analytics Google Analytics&#8217;i WordPress&#8217;e Ba\u011flama"},"content":{"rendered":"<p>\u2728 Google Analytics&#8217;i WordPress&#8217;e ba\u011flar \u2728 Google Analytics 4&#8217;\u00fc web sayfalar\u0131n\u0131za kolayca ekleyin<\/p>\n","protected":false},"excerpt":{"rendered":"<p>\u2728 Google Analytics&#8217;i WordPress&#8217;e ba\u011flar \u2728 Google Analytics 4&#8217;\u00fc web sayfalar\u0131n\u0131za kolayca ekleyin<\/p>\n","protected":false},"featured_media":12951,"comment_status":"open","ping_status":"closed","template":"","meta":[],"product_brand":[],"product_cat":[1413],"product_tag":[1550,1502,1980,1551,1552],"class_list":{"0":"post-14137","1":"product","2":"type-product","3":"status-publish","4":"has-post-thumbnail","6":"product_cat-eklentiler","7":"product_tag-analitik","8":"product_tag-google-tr","9":"product_tag-google-analitik","10":"product_tag-istatistikler","11":"product_tag-izleme","13":"first","14":"instock","15":"downloadable","16":"virtual","17":"product-type-simple"},"_links":{"self":[{"href":"https:\/\/hexexist.com\/tr\/wp-json\/wp\/v2\/product\/14137","targetHints":{"allow":["GET"]}}],"collection":[{"href":"https:\/\/hexexist.com\/tr\/wp-json\/wp\/v2\/product"}],"about":[{"href":"https:\/\/hexexist.com\/tr\/wp-json\/wp\/v2\/types\/product"}],"replies":[{"embeddable":true,"href":"https:\/\/hexexist.com\/tr\/wp-json\/wp\/v2\/comments?post=14137"}],"wp:featuredmedia":[{"embeddable":true,"href":"https:\/\/hexexist.com\/tr\/wp-json\/wp\/v2\/media\/12951"}],"wp:attachment":[{"href":"https:\/\/hexexist.com\/tr\/wp-json\/wp\/v2\/media?parent=14137"}],"wp:term":[{"taxonomy":"product_brand","embeddable":true,"href":"https:\/\/hexexist.com\/tr\/wp-json\/wp\/v2\/product_brand?post=14137"},{"taxonomy":"product_cat","embeddable":true,"href":"https:\/\/hexexist.com\/tr\/wp-json\/wp\/v2\/product_cat?post=14137"},{"taxonomy":"product_tag","embeddable":true,"href":"https:\/\/hexexist.com\/tr\/wp-json\/wp\/v2\/product_tag?post=14137"}],"curies":[{"name":"wp","href":"https:\/\/api.w.org\/{rel}","templated":true}]}}