{"id":14138,"date":"2025-10-09T09:49:32","date_gmt":"2025-10-09T09:49:32","guid":{"rendered":"http:\/\/hexexist.com\/product\/meta-kutu\/"},"modified":"2025-10-09T09:49:32","modified_gmt":"2025-10-09T09:49:32","slug":"meta-kutu","status":"publish","type":"product","link":"https:\/\/hexexist.com\/tr\/urun\/meta-kutu\/","title":{"rendered":"Meta Kutu"},"content":{"rendered":"<p>Meta Box, WordPress&#8217;te dinamik veri ve i\u00e7eri\u011fe sahip bir web sitesi olu\u015fturmay\u0131 ve \u00f6zelle\u015ftirmeyi e\u011flenceli ve kolay hale getiren profesyonel bir \u00e7er\u00e7evedir.<\/p>\n","protected":false},"excerpt":{"rendered":"<p>Meta Box, WordPress&#8217;te dinamik veri ve i\u00e7eri\u011fe sahip bir web sitesi olu\u015fturmay\u0131 ve \u00f6zelle\u015ftirmeyi e\u011flenceli ve kolay hale getiren profesyonel bir \u00e7er\u00e7evedir.<\/p>\n","protected":false},"featured_media":12938,"comment_status":"open","ping_status":"closed","template":"","meta":[],"product_brand":[],"product_cat":[1413],"product_tag":[2434,2508,1727,1878,1879],"class_list":{"0":"post-14138","1":"product","2":"type-product","3":"status-publish","4":"has-post-thumbnail","6":"product_cat-eklentiler","7":"product_tag-gonderi-turu","8":"product_tag-meta-kutusu","9":"product_tag-ozel-alanlar","10":"product_tag-ozel-gonderi-turleri","11":"product_tag-ozel-taksonomiler","13":"first","14":"instock","15":"downloadable","16":"virtual","17":"product-type-simple"},"_links":{"self":[{"href":"https:\/\/hexexist.com\/tr\/wp-json\/wp\/v2\/product\/14138","targetHints":{"allow":["GET"]}}],"collection":[{"href":"https:\/\/hexexist.com\/tr\/wp-json\/wp\/v2\/product"}],"about":[{"href":"https:\/\/hexexist.com\/tr\/wp-json\/wp\/v2\/types\/product"}],"replies":[{"embeddable":true,"href":"https:\/\/hexexist.com\/tr\/wp-json\/wp\/v2\/comments?post=14138"}],"wp:featuredmedia":[{"embeddable":true,"href":"https:\/\/hexexist.com\/tr\/wp-json\/wp\/v2\/media\/12938"}],"wp:attachment":[{"href":"https:\/\/hexexist.com\/tr\/wp-json\/wp\/v2\/media?parent=14138"}],"wp:term":[{"taxonomy":"product_brand","embeddable":true,"href":"https:\/\/hexexist.com\/tr\/wp-json\/wp\/v2\/product_brand?post=14138"},{"taxonomy":"product_cat","embeddable":true,"href":"https:\/\/hexexist.com\/tr\/wp-json\/wp\/v2\/product_cat?post=14138"},{"taxonomy":"product_tag","embeddable":true,"href":"https:\/\/hexexist.com\/tr\/wp-json\/wp\/v2\/product_tag?post=14138"}],"curies":[{"name":"wp","href":"https:\/\/api.w.org\/{rel}","templated":true}]}}