{"id":14140,"date":"2025-10-09T09:49:33","date_gmt":"2025-10-09T09:49:33","guid":{"rendered":"http:\/\/hexexist.com\/product\/backwpup-wordpress-yedekleme-ve-geri-yukleme-eklentisi\/"},"modified":"2025-10-09T09:49:33","modified_gmt":"2025-10-09T09:49:33","slug":"backwpup-wordpress-yedekleme-ve-geri-yukleme-eklentisi","status":"publish","type":"product","link":"https:\/\/hexexist.com\/tr\/urun\/backwpup-wordpress-yedekleme-ve-geri-yukleme-eklentisi\/","title":{"rendered":"BackWPup WordPress Yedekleme ve Geri Y\u00fckleme Eklentisi"},"content":{"rendered":"<p>BackWPup, WordPress i\u00e7in en kapsaml\u0131 yedekleme ve geri y\u00fckleme eklentisidir.<\/p>\n","protected":false},"excerpt":{"rendered":"<p>BackWPup, WordPress i\u00e7in en kapsaml\u0131 yedekleme ve geri y\u00fckleme eklentisidir.<\/p>\n","protected":false},"featured_media":12946,"comment_status":"open","ping_status":"closed","template":"","meta":[],"product_brand":[],"product_cat":[1413],"product_tag":[1763,2520,1651,2260,1650],"class_list":{"0":"post-14140","1":"product","2":"type-product","3":"status-publish","4":"has-post-thumbnail","6":"product_cat-eklentiler","7":"product_tag-bulut-yedekleme","8":"product_tag-geri-yukleme","9":"product_tag-veritabani-yedekleme","10":"product_tag-wordpress-yedekleme","11":"product_tag-yedekleme","13":"first","14":"instock","15":"downloadable","16":"virtual","17":"product-type-simple"},"_links":{"self":[{"href":"https:\/\/hexexist.com\/tr\/wp-json\/wp\/v2\/product\/14140","targetHints":{"allow":["GET"]}}],"collection":[{"href":"https:\/\/hexexist.com\/tr\/wp-json\/wp\/v2\/product"}],"about":[{"href":"https:\/\/hexexist.com\/tr\/wp-json\/wp\/v2\/types\/product"}],"replies":[{"embeddable":true,"href":"https:\/\/hexexist.com\/tr\/wp-json\/wp\/v2\/comments?post=14140"}],"wp:featuredmedia":[{"embeddable":true,"href":"https:\/\/hexexist.com\/tr\/wp-json\/wp\/v2\/media\/12946"}],"wp:attachment":[{"href":"https:\/\/hexexist.com\/tr\/wp-json\/wp\/v2\/media?parent=14140"}],"wp:term":[{"taxonomy":"product_brand","embeddable":true,"href":"https:\/\/hexexist.com\/tr\/wp-json\/wp\/v2\/product_brand?post=14140"},{"taxonomy":"product_cat","embeddable":true,"href":"https:\/\/hexexist.com\/tr\/wp-json\/wp\/v2\/product_cat?post=14140"},{"taxonomy":"product_tag","embeddable":true,"href":"https:\/\/hexexist.com\/tr\/wp-json\/wp\/v2\/product_tag?post=14140"}],"curies":[{"name":"wp","href":"https:\/\/api.w.org\/{rel}","templated":true}]}}