{"id":14141,"date":"2025-10-09T09:49:35","date_gmt":"2025-10-09T09:49:35","guid":{"rendered":"http:\/\/hexexist.com\/product\/amazon-ses-sendgrid-mailgun-postmark-google-ve-herhangi-bir-smtp-saglayicisi-ile-fluentsmtp-wp-smtp-eklentisi\/"},"modified":"2025-10-09T09:49:35","modified_gmt":"2025-10-09T09:49:35","slug":"amazon-ses-sendgrid-mailgun-postmark-google-ve-herhangi-bir-smtp-saglayicisi-ile-fluentsmtp-wp-smtp-eklentisi","status":"publish","type":"product","link":"https:\/\/hexexist.com\/tr\/urun\/amazon-ses-sendgrid-mailgun-postmark-google-ve-herhangi-bir-smtp-saglayicisi-ile-fluentsmtp-wp-smtp-eklentisi\/","title":{"rendered":"Amazon SES, SendGrid, MailGun, Postmark, Google ve Herhangi Bir SMTP Sa\u011flay\u0131c\u0131s\u0131 ile FluentSMTP WP SMTP Eklentisi"},"content":{"rendered":"<p>WordPress e-postalar\u0131n\u0131z\u0131n g\u00f6nderilmemesiyle ilgili sorun mu ya\u015f\u0131yorsunuz? Ya da hangi e-posta adresinden g\u00f6nderileceklerini mi ayarlamak istiyorsunuz? Bu eklenti t\u00fcm e-posta teslim edilebilirlik sorunlar\u0131n\u0131z\u0131 \u00e7\u00f6zecektir. FluentSMTP, E-posta Servis Sa\u011flay\u0131c\u0131n\u0131za yerel olarak ba\u011flanan ve e-postalar\u0131n\u0131z\u0131n teslim edildi\u011finden emin olan nihai WP Posta Eklentisidir \ud83d\udcaf.   <\/p>\n","protected":false},"excerpt":{"rendered":"<p>WordPress e-postalar\u0131n\u0131z\u0131n g\u00f6nderilmemesiyle ilgili sorun mu ya\u015f\u0131yorsunuz? Ya da hangi e-posta adresinden g\u00f6nderileceklerini mi ayarlamak istiyorsunuz? Bu eklenti t\u00fcm e-posta teslim edilebilirlik sorunlar\u0131n\u0131z\u0131 \u00e7\u00f6zecektir. FluentSMTP, E-posta Servis Sa\u011flay\u0131c\u0131n\u0131za yerel olarak ba\u011flanan ve e-postalar\u0131n\u0131z\u0131n teslim edildi\u011finden emin olan nihai WP Posta Eklentisidir \ud83d\udcaf.<\/p>\n","protected":false},"featured_media":12949,"comment_status":"open","ping_status":"closed","template":"","meta":[],"product_brand":[],"product_cat":[1413],"product_tag":[2521,1663,2522,1661,2523],"class_list":{"0":"post-14141","1":"product","2":"type-product","3":"status-publish","4":"has-post-thumbnail","6":"product_cat-eklentiler","7":"product_tag-amazon-ses-tr","8":"product_tag-posta","9":"product_tag-posta-smtp","10":"product_tag-smtp-tr","11":"product_tag-wordpress-mail-smtp-tr","13":"first","14":"instock","15":"downloadable","16":"virtual","17":"product-type-simple"},"_links":{"self":[{"href":"https:\/\/hexexist.com\/tr\/wp-json\/wp\/v2\/product\/14141","targetHints":{"allow":["GET"]}}],"collection":[{"href":"https:\/\/hexexist.com\/tr\/wp-json\/wp\/v2\/product"}],"about":[{"href":"https:\/\/hexexist.com\/tr\/wp-json\/wp\/v2\/types\/product"}],"replies":[{"embeddable":true,"href":"https:\/\/hexexist.com\/tr\/wp-json\/wp\/v2\/comments?post=14141"}],"wp:featuredmedia":[{"embeddable":true,"href":"https:\/\/hexexist.com\/tr\/wp-json\/wp\/v2\/media\/12949"}],"wp:attachment":[{"href":"https:\/\/hexexist.com\/tr\/wp-json\/wp\/v2\/media?parent=14141"}],"wp:term":[{"taxonomy":"product_brand","embeddable":true,"href":"https:\/\/hexexist.com\/tr\/wp-json\/wp\/v2\/product_brand?post=14141"},{"taxonomy":"product_cat","embeddable":true,"href":"https:\/\/hexexist.com\/tr\/wp-json\/wp\/v2\/product_cat?post=14141"},{"taxonomy":"product_tag","embeddable":true,"href":"https:\/\/hexexist.com\/tr\/wp-json\/wp\/v2\/product_tag?post=14141"}],"curies":[{"name":"wp","href":"https:\/\/api.w.org\/{rel}","templated":true}]}}