{"id":14142,"date":"2025-10-09T09:49:33","date_gmt":"2025-10-09T09:49:33","guid":{"rendered":"http:\/\/hexexist.com\/product\/yith-woocommerce-istek-listesi\/"},"modified":"2025-10-09T09:49:33","modified_gmt":"2025-10-09T09:49:33","slug":"yith-woocommerce-istek-listesi","status":"publish","type":"product","link":"https:\/\/hexexist.com\/tr\/urun\/yith-woocommerce-istek-listesi\/","title":{"rendered":"YITH WooCommerce \u0130stek Listesi"},"content":{"rendered":"<p>\u0130stek listesi, bir e-ticaret ma\u011fazas\u0131ndaki en g\u00fc\u00e7l\u00fc ve pop\u00fcler ara\u00e7lardan biridir. \u0130stek listesi sayesinde kullan\u0131c\u0131lar <\/p>\n","protected":false},"excerpt":{"rendered":"<p>\u0130stek listesi, bir e-ticaret ma\u011fazas\u0131ndaki en g\u00fc\u00e7l\u00fc ve pop\u00fcler ara\u00e7lardan biridir. \u0130stek listesi sayesinde kullan\u0131c\u0131lar<\/p>\n","protected":false},"featured_media":12945,"comment_status":"open","ping_status":"closed","template":"","meta":[],"product_brand":[],"product_cat":[1413],"product_tag":[2524,2203,2525,2526],"class_list":{"0":"post-14142","1":"product","2":"type-product","3":"status-publish","4":"has-post-thumbnail","6":"product_cat-eklentiler","7":"product_tag-woocommerce-icin-istek-listesi","8":"product_tag-woocommerce-istek-listesi","9":"product_tag-woocommerce-istek-listesine-ekle","10":"product_tag-yith-woocommerce-istek-listesi","12":"first","13":"instock","14":"downloadable","15":"virtual","16":"product-type-simple"},"_links":{"self":[{"href":"https:\/\/hexexist.com\/tr\/wp-json\/wp\/v2\/product\/14142","targetHints":{"allow":["GET"]}}],"collection":[{"href":"https:\/\/hexexist.com\/tr\/wp-json\/wp\/v2\/product"}],"about":[{"href":"https:\/\/hexexist.com\/tr\/wp-json\/wp\/v2\/types\/product"}],"replies":[{"embeddable":true,"href":"https:\/\/hexexist.com\/tr\/wp-json\/wp\/v2\/comments?post=14142"}],"wp:featuredmedia":[{"embeddable":true,"href":"https:\/\/hexexist.com\/tr\/wp-json\/wp\/v2\/media\/12945"}],"wp:attachment":[{"href":"https:\/\/hexexist.com\/tr\/wp-json\/wp\/v2\/media?parent=14142"}],"wp:term":[{"taxonomy":"product_brand","embeddable":true,"href":"https:\/\/hexexist.com\/tr\/wp-json\/wp\/v2\/product_brand?post=14142"},{"taxonomy":"product_cat","embeddable":true,"href":"https:\/\/hexexist.com\/tr\/wp-json\/wp\/v2\/product_cat?post=14142"},{"taxonomy":"product_tag","embeddable":true,"href":"https:\/\/hexexist.com\/tr\/wp-json\/wp\/v2\/product_tag?post=14142"}],"curies":[{"name":"wp","href":"https:\/\/api.w.org\/{rel}","templated":true}]}}