{"id":14143,"date":"2025-10-09T09:49:35","date_gmt":"2025-10-09T09:49:35","guid":{"rendered":"http:\/\/hexexist.com\/product\/woocommerce-icin-facebook\/"},"modified":"2025-10-09T09:49:35","modified_gmt":"2025-10-09T09:49:35","slug":"woocommerce-icin-facebook","status":"publish","type":"product","link":"https:\/\/hexexist.com\/tr\/urun\/woocommerce-icin-facebook\/","title":{"rendered":"WooCommerce i\u00e7in Facebook"},"content":{"rendered":"<p>Bu, WooCommerce web sitenizi Facebook&#8217;a ba\u011flayan resmi Facebook for WooCommerce eklentisidir. Bu eklenti ile Facebook pikselini y\u00fckleyebilir ve \u00e7evrimi\u00e7i ma\u011faza katalo\u011funuzu y\u00fckleyerek kolayca dinamik reklamlar yay\u0131nlayabilirsiniz. <\/p>\n","protected":false},"excerpt":{"rendered":"<p>Bu, WooCommerce web sitenizi Facebook&#8217;a ba\u011flayan resmi Facebook for WooCommerce eklentisidir. Bu eklenti ile Facebook pikselini y\u00fckleyebilir ve \u00e7evrimi\u00e7i ma\u011faza katalo\u011funuzu y\u00fckleyerek kolayca dinamik reklamlar yay\u0131nlayabilirsiniz.<\/p>\n","protected":false},"featured_media":10583,"comment_status":"open","ping_status":"closed","template":"","meta":[],"product_brand":[],"product_cat":[1413],"product_tag":[2527,1986,1585,1958],"class_list":{"0":"post-14143","1":"product","2":"type-product","3":"status-publish","4":"has-post-thumbnail","6":"product_cat-eklentiler","7":"product_tag-donusumler-apisi","8":"product_tag-facebook-tr","9":"product_tag-meta-tr","10":"product_tag-reklamlar","12":"first","13":"instock","14":"downloadable","15":"virtual","16":"product-type-simple"},"_links":{"self":[{"href":"https:\/\/hexexist.com\/tr\/wp-json\/wp\/v2\/product\/14143","targetHints":{"allow":["GET"]}}],"collection":[{"href":"https:\/\/hexexist.com\/tr\/wp-json\/wp\/v2\/product"}],"about":[{"href":"https:\/\/hexexist.com\/tr\/wp-json\/wp\/v2\/types\/product"}],"replies":[{"embeddable":true,"href":"https:\/\/hexexist.com\/tr\/wp-json\/wp\/v2\/comments?post=14143"}],"wp:featuredmedia":[{"embeddable":true,"href":"https:\/\/hexexist.com\/tr\/wp-json\/wp\/v2\/media\/10583"}],"wp:attachment":[{"href":"https:\/\/hexexist.com\/tr\/wp-json\/wp\/v2\/media?parent=14143"}],"wp:term":[{"taxonomy":"product_brand","embeddable":true,"href":"https:\/\/hexexist.com\/tr\/wp-json\/wp\/v2\/product_brand?post=14143"},{"taxonomy":"product_cat","embeddable":true,"href":"https:\/\/hexexist.com\/tr\/wp-json\/wp\/v2\/product_cat?post=14143"},{"taxonomy":"product_tag","embeddable":true,"href":"https:\/\/hexexist.com\/tr\/wp-json\/wp\/v2\/product_tag?post=14143"}],"curies":[{"name":"wp","href":"https:\/\/api.w.org\/{rel}","templated":true}]}}