{"id":14144,"date":"2025-10-09T09:49:36","date_gmt":"2025-10-09T09:49:36","guid":{"rendered":"http:\/\/hexexist.com\/product\/pixelyoursite-akilli-pixel-tag-ve-api-yoneticiniz\/"},"modified":"2025-10-09T09:49:36","modified_gmt":"2025-10-09T09:49:36","slug":"pixelyoursite-akilli-pixel-tag-ve-api-yoneticiniz","status":"publish","type":"product","link":"https:\/\/hexexist.com\/tr\/urun\/pixelyoursite-akilli-pixel-tag-ve-api-yoneticiniz\/","title":{"rendered":"PixelYourSite Ak\u0131ll\u0131 PIXEL (TAG) ve API Y\u00f6neticiniz"},"content":{"rendered":"<p>PixelYourSite \u00dccretsiz S\u00fcr\u00fcm: Meta Pixel, Google Analytics 4 ve Google Tag Manager i\u00e7in Eksiksiz \u0130zleme \u00c7\u00f6z\u00fcm\u00fc.<\/p>\n","protected":false},"excerpt":{"rendered":"<p>PixelYourSite \u00dccretsiz S\u00fcr\u00fcm: Meta Pixel, Google Analytics 4 ve Google Tag Manager i\u00e7in Eksiksiz \u0130zleme \u00c7\u00f6z\u00fcm\u00fc.<\/p>\n","protected":false},"featured_media":12955,"comment_status":"open","ping_status":"closed","template":"","meta":[],"product_brand":[],"product_cat":[1413],"product_tag":[2530,2529,2531,2532],"class_list":{"0":"post-14144","1":"product","2":"type-product","3":"status-publish","4":"has-post-thumbnail","6":"product_cat-eklentiler","7":"product_tag-google-analytics-4-tr","8":"product_tag-google-etiket-yoneticisi","9":"product_tag-google-onay-modu-v2","10":"product_tag-meta-piksel","12":"first","13":"instock","14":"downloadable","15":"virtual","16":"product-type-simple"},"_links":{"self":[{"href":"https:\/\/hexexist.com\/tr\/wp-json\/wp\/v2\/product\/14144","targetHints":{"allow":["GET"]}}],"collection":[{"href":"https:\/\/hexexist.com\/tr\/wp-json\/wp\/v2\/product"}],"about":[{"href":"https:\/\/hexexist.com\/tr\/wp-json\/wp\/v2\/types\/product"}],"replies":[{"embeddable":true,"href":"https:\/\/hexexist.com\/tr\/wp-json\/wp\/v2\/comments?post=14144"}],"wp:featuredmedia":[{"embeddable":true,"href":"https:\/\/hexexist.com\/tr\/wp-json\/wp\/v2\/media\/12955"}],"wp:attachment":[{"href":"https:\/\/hexexist.com\/tr\/wp-json\/wp\/v2\/media?parent=14144"}],"wp:term":[{"taxonomy":"product_brand","embeddable":true,"href":"https:\/\/hexexist.com\/tr\/wp-json\/wp\/v2\/product_brand?post=14144"},{"taxonomy":"product_cat","embeddable":true,"href":"https:\/\/hexexist.com\/tr\/wp-json\/wp\/v2\/product_cat?post=14144"},{"taxonomy":"product_tag","embeddable":true,"href":"https:\/\/hexexist.com\/tr\/wp-json\/wp\/v2\/product_tag?post=14144"}],"curies":[{"name":"wp","href":"https:\/\/api.w.org\/{rel}","templated":true}]}}