{"id":14145,"date":"2025-10-09T09:49:35","date_gmt":"2025-10-09T09:49:35","guid":{"rendered":"http:\/\/hexexist.com\/product\/extendify\/"},"modified":"2025-10-09T09:49:35","modified_gmt":"2025-10-09T09:49:35","slug":"extendify","status":"publish","type":"product","link":"https:\/\/hexexist.com\/tr\/urun\/extendify\/","title":{"rendered":"Extendify"},"content":{"rendered":"<p>Extendify, Gutenberg blok d\u00fczenleyicisi i\u00e7in bir kal\u0131p k\u00fct\u00fcphanesi ve tam sayfa d\u00fczenleri ile g\u00fczel bir WordPress web sitesi olu\u015fturmak isteyen ki\u015filer i\u00e7in site tasar\u0131m ve olu\u015fturma ara\u00e7lar\u0131 platformudur.<\/p>\n","protected":false},"excerpt":{"rendered":"<p>Extendify, Gutenberg blok d\u00fczenleyicisi i\u00e7in bir kal\u0131p k\u00fct\u00fcphanesi ve tam sayfa d\u00fczenleri ile g\u00fczel bir WordPress web sitesi olu\u015fturmak isteyen ki\u015filer i\u00e7in site tasar\u0131m ve olu\u015fturma ara\u00e7lar\u0131 platformudur.<\/p>\n","protected":false},"featured_media":12947,"comment_status":"open","ping_status":"closed","template":"","meta":[],"product_brand":[],"product_cat":[1413],"product_tag":[1529,2285,2528,1526,2283],"class_list":{"0":"post-14145","1":"product","2":"type-product","3":"status-publish","4":"has-post-thumbnail","6":"product_cat-eklentiler","7":"product_tag-bloklar","8":"product_tag-desenleri","9":"product_tag-duzenler","10":"product_tag-gutenberg-tr","11":"product_tag-sablonlar","13":"first","14":"instock","15":"downloadable","16":"virtual","17":"product-type-simple"},"_links":{"self":[{"href":"https:\/\/hexexist.com\/tr\/wp-json\/wp\/v2\/product\/14145","targetHints":{"allow":["GET"]}}],"collection":[{"href":"https:\/\/hexexist.com\/tr\/wp-json\/wp\/v2\/product"}],"about":[{"href":"https:\/\/hexexist.com\/tr\/wp-json\/wp\/v2\/types\/product"}],"replies":[{"embeddable":true,"href":"https:\/\/hexexist.com\/tr\/wp-json\/wp\/v2\/comments?post=14145"}],"wp:featuredmedia":[{"embeddable":true,"href":"https:\/\/hexexist.com\/tr\/wp-json\/wp\/v2\/media\/12947"}],"wp:attachment":[{"href":"https:\/\/hexexist.com\/tr\/wp-json\/wp\/v2\/media?parent=14145"}],"wp:term":[{"taxonomy":"product_brand","embeddable":true,"href":"https:\/\/hexexist.com\/tr\/wp-json\/wp\/v2\/product_brand?post=14145"},{"taxonomy":"product_cat","embeddable":true,"href":"https:\/\/hexexist.com\/tr\/wp-json\/wp\/v2\/product_cat?post=14145"},{"taxonomy":"product_tag","embeddable":true,"href":"https:\/\/hexexist.com\/tr\/wp-json\/wp\/v2\/product_tag?post=14145"}],"curies":[{"name":"wp","href":"https:\/\/api.w.org\/{rel}","templated":true}]}}