{"id":14148,"date":"2025-10-09T09:49:36","date_gmt":"2025-10-09T09:49:36","guid":{"rendered":"http:\/\/hexexist.com\/product\/siteorigin-widget-paketi\/"},"modified":"2025-10-09T09:49:36","modified_gmt":"2025-10-09T09:49:36","slug":"siteorigin-widget-paketi","status":"publish","type":"product","link":"https:\/\/hexexist.com\/tr\/urun\/siteorigin-widget-paketi\/","title":{"rendered":"SiteOrigin Widget Paketi"},"content":{"rendered":"<p>SiteOrigin Widgets Bundle size modern, duyarl\u0131 ve ilgi \u00e7ekici web sitesi sayfalar\u0131 olu\u015fturmak i\u00e7in ihtiyac\u0131n\u0131z olan t\u00fcm \u00f6\u011feleri sunar. Widget Paketini kullanarak h\u0131zl\u0131 ve zahmetsizce d\u00fc\u011fmeler, kayd\u0131r\u0131c\u0131lar, kahramanlar, haritalar, resimler, karuseller, \u00f6zellikler, simgeler ve \u00e7ok daha fazlas\u0131n\u0131 ekleyebilirsiniz. <\/p>\n","protected":false},"excerpt":{"rendered":"<p>SiteOrigin Widgets Bundle size modern, duyarl\u0131 ve ilgi \u00e7ekici web sitesi sayfalar\u0131 olu\u015fturmak i\u00e7in ihtiyac\u0131n\u0131z olan t\u00fcm \u00f6\u011feleri sunar. Widget Paketini kullanarak h\u0131zl\u0131 ve zahmetsizce d\u00fc\u011fmeler, kayd\u0131r\u0131c\u0131lar, kahramanlar, haritalar, resimler, karuseller, \u00f6zellikler, simgeler ve \u00e7ok daha fazlas\u0131n\u0131 ekleyebilirsiniz.<\/p>\n","protected":false},"featured_media":12958,"comment_status":"open","ping_status":"closed","template":"","meta":[],"product_brand":[],"product_cat":[1413],"product_tag":[1575,1529,1524,1639,2030],"class_list":{"0":"post-14148","1":"product","2":"type-product","3":"status-publish","4":"has-post-thumbnail","6":"product_cat-eklentiler","7":"product_tag-blog-tr","8":"product_tag-bloklar","9":"product_tag-iletisim-formu","10":"product_tag-kaydirici","11":"product_tag-widgetlar","13":"first","14":"instock","15":"downloadable","16":"virtual","17":"product-type-simple"},"_links":{"self":[{"href":"https:\/\/hexexist.com\/tr\/wp-json\/wp\/v2\/product\/14148","targetHints":{"allow":["GET"]}}],"collection":[{"href":"https:\/\/hexexist.com\/tr\/wp-json\/wp\/v2\/product"}],"about":[{"href":"https:\/\/hexexist.com\/tr\/wp-json\/wp\/v2\/types\/product"}],"replies":[{"embeddable":true,"href":"https:\/\/hexexist.com\/tr\/wp-json\/wp\/v2\/comments?post=14148"}],"wp:featuredmedia":[{"embeddable":true,"href":"https:\/\/hexexist.com\/tr\/wp-json\/wp\/v2\/media\/12958"}],"wp:attachment":[{"href":"https:\/\/hexexist.com\/tr\/wp-json\/wp\/v2\/media?parent=14148"}],"wp:term":[{"taxonomy":"product_brand","embeddable":true,"href":"https:\/\/hexexist.com\/tr\/wp-json\/wp\/v2\/product_brand?post=14148"},{"taxonomy":"product_cat","embeddable":true,"href":"https:\/\/hexexist.com\/tr\/wp-json\/wp\/v2\/product_cat?post=14148"},{"taxonomy":"product_tag","embeddable":true,"href":"https:\/\/hexexist.com\/tr\/wp-json\/wp\/v2\/product_tag?post=14148"}],"curies":[{"name":"wp","href":"https:\/\/api.w.org\/{rel}","templated":true}]}}