{"id":14149,"date":"2025-10-09T09:49:36","date_gmt":"2025-10-09T09:49:36","guid":{"rendered":"http:\/\/hexexist.com\/product\/kadence-wp-sayfa-olusturucu-ozellikleri-ile-ai-ile-gutenberg-bloklari\/"},"modified":"2025-10-09T09:49:36","modified_gmt":"2025-10-09T09:49:36","slug":"kadence-wp-sayfa-olusturucu-ozellikleri-ile-ai-ile-gutenberg-bloklari","status":"publish","type":"product","link":"https:\/\/hexexist.com\/tr\/urun\/kadence-wp-sayfa-olusturucu-ozellikleri-ile-ai-ile-gutenberg-bloklari\/","title":{"rendered":"Kadence WP Sayfa Olu\u015fturucu \u00d6zellikleri ile AI ile Gutenberg Bloklar\u0131"},"content":{"rendered":"<p>Art\u0131k yapay zeka ara\u00e7lar\u0131yla geli\u015ftirilmi\u015f olan Kadence Bloklar\u0131, Gutenberg&#8217;in d\u00fczenleme yeteneklerini \u00f6zel bloklar ve se\u00e7eneklerle y\u00fckseltir, b\u00f6ylece zahmetsizce \u00e7arp\u0131c\u0131, y\u00fcksek performansl\u0131 web siteleri olu\u015fturabilirsiniz. Her blok performans, eri\u015filebilirlik ve geni\u015fletilebilirlik a\u00e7\u0131s\u0131ndan \u00f6zenle haz\u0131rlanm\u0131\u015ft\u0131r. <\/p>\n","protected":false},"excerpt":{"rendered":"<p>Art\u0131k yapay zeka ara\u00e7lar\u0131yla geli\u015ftirilmi\u015f olan Kadence Bloklar\u0131, Gutenberg&#8217;in d\u00fczenleme yeteneklerini \u00f6zel bloklar ve se\u00e7eneklerle y\u00fckseltir, b\u00f6ylece zahmetsizce \u00e7arp\u0131c\u0131, y\u00fcksek performansl\u0131 web siteleri olu\u015fturabilirsiniz. Her blok performans, eri\u015filebilirlik ve geni\u015fletilebilirlik a\u00e7\u0131s\u0131ndan \u00f6zenle haz\u0131rlanm\u0131\u015ft\u0131r.<\/p>\n","protected":false},"featured_media":12953,"comment_status":"open","ping_status":"closed","template":"","meta":[],"product_brand":[],"product_cat":[1413],"product_tag":[1529,1771,1526,2205,1535],"class_list":{"0":"post-14149","1":"product","2":"type-product","3":"status-publish","4":"has-post-thumbnail","6":"product_cat-eklentiler","7":"product_tag-bloklar","8":"product_tag-editor-tr","9":"product_tag-gutenberg-tr","10":"product_tag-gutenberg-bloklari","11":"product_tag-sayfa-olusturucu","13":"first","14":"instock","15":"downloadable","16":"virtual","17":"product-type-simple"},"_links":{"self":[{"href":"https:\/\/hexexist.com\/tr\/wp-json\/wp\/v2\/product\/14149","targetHints":{"allow":["GET"]}}],"collection":[{"href":"https:\/\/hexexist.com\/tr\/wp-json\/wp\/v2\/product"}],"about":[{"href":"https:\/\/hexexist.com\/tr\/wp-json\/wp\/v2\/types\/product"}],"replies":[{"embeddable":true,"href":"https:\/\/hexexist.com\/tr\/wp-json\/wp\/v2\/comments?post=14149"}],"wp:featuredmedia":[{"embeddable":true,"href":"https:\/\/hexexist.com\/tr\/wp-json\/wp\/v2\/media\/12953"}],"wp:attachment":[{"href":"https:\/\/hexexist.com\/tr\/wp-json\/wp\/v2\/media?parent=14149"}],"wp:term":[{"taxonomy":"product_brand","embeddable":true,"href":"https:\/\/hexexist.com\/tr\/wp-json\/wp\/v2\/product_brand?post=14149"},{"taxonomy":"product_cat","embeddable":true,"href":"https:\/\/hexexist.com\/tr\/wp-json\/wp\/v2\/product_cat?post=14149"},{"taxonomy":"product_tag","embeddable":true,"href":"https:\/\/hexexist.com\/tr\/wp-json\/wp\/v2\/product_tag?post=14149"}],"curies":[{"name":"wp","href":"https:\/\/api.w.org\/{rel}","templated":true}]}}