{"id":14151,"date":"2025-10-09T09:49:37","date_gmt":"2025-10-09T09:49:37","guid":{"rendered":"http:\/\/hexexist.com\/product\/yonetici-menusu-editoru\/"},"modified":"2025-10-09T09:49:37","modified_gmt":"2025-10-09T09:49:37","slug":"yonetici-menusu-editoru","status":"publish","type":"product","link":"https:\/\/hexexist.com\/tr\/urun\/yonetici-menusu-editoru\/","title":{"rendered":"Y\u00f6netici Men\u00fcs\u00fc Edit\u00f6r\u00fc"},"content":{"rendered":"<p>Y\u00f6netici Men\u00fc D\u00fczenleyicisi, Pano men\u00fcs\u00fcn\u00fc manuel olarak d\u00fczenlemenizi sa\u011flar. Men\u00fcleri yeniden s\u0131ralayabilir, belirli \u00f6\u011feleri g\u00f6sterebilir\/gizleyebilir, izinleri de\u011fi\u015ftirebilir ve daha fazlas\u0131n\u0131 yapabilirsiniz. <\/p>\n","protected":false},"excerpt":{"rendered":"<p>Y\u00f6netici Men\u00fc D\u00fczenleyicisi, Pano men\u00fcs\u00fcn\u00fc manuel olarak d\u00fczenlemenizi sa\u011flar. Men\u00fcleri yeniden s\u0131ralayabilir, belirli \u00f6\u011feleri g\u00f6sterebilir\/gizleyebilir, izinleri de\u011fi\u015ftirebilir ve daha fazlas\u0131n\u0131 yapabilirsiniz.<\/p>\n","protected":false},"featured_media":12966,"comment_status":"open","ping_status":"closed","template":"","meta":[],"product_brand":[],"product_cat":[1413],"product_tag":[2361,1455,1686,2538,1444],"class_list":{"0":"post-14151","1":"product","2":"type-product","3":"status-publish","4":"has-post-thumbnail","6":"product_cat-eklentiler","7":"product_tag-gosterge-paneli","8":"product_tag-guvenlik","9":"product_tag-menu-tr","10":"product_tag-wpmu-tr","11":"product_tag-yonetici","13":"first","14":"instock","15":"downloadable","16":"virtual","17":"product-type-simple"},"_links":{"self":[{"href":"https:\/\/hexexist.com\/tr\/wp-json\/wp\/v2\/product\/14151","targetHints":{"allow":["GET"]}}],"collection":[{"href":"https:\/\/hexexist.com\/tr\/wp-json\/wp\/v2\/product"}],"about":[{"href":"https:\/\/hexexist.com\/tr\/wp-json\/wp\/v2\/types\/product"}],"replies":[{"embeddable":true,"href":"https:\/\/hexexist.com\/tr\/wp-json\/wp\/v2\/comments?post=14151"}],"wp:featuredmedia":[{"embeddable":true,"href":"https:\/\/hexexist.com\/tr\/wp-json\/wp\/v2\/media\/12966"}],"wp:attachment":[{"href":"https:\/\/hexexist.com\/tr\/wp-json\/wp\/v2\/media?parent=14151"}],"wp:term":[{"taxonomy":"product_brand","embeddable":true,"href":"https:\/\/hexexist.com\/tr\/wp-json\/wp\/v2\/product_brand?post=14151"},{"taxonomy":"product_cat","embeddable":true,"href":"https:\/\/hexexist.com\/tr\/wp-json\/wp\/v2\/product_cat?post=14151"},{"taxonomy":"product_tag","embeddable":true,"href":"https:\/\/hexexist.com\/tr\/wp-json\/wp\/v2\/product_tag?post=14151"}],"curies":[{"name":"wp","href":"https:\/\/api.w.org\/{rel}","templated":true}]}}