{"id":14152,"date":"2025-10-09T09:49:36","date_gmt":"2025-10-09T09:49:36","guid":{"rendered":"http:\/\/hexexist.com\/product\/wp-kisa-kodlar-eklentisi-shortcodes-ultimate\/"},"modified":"2025-10-09T09:49:36","modified_gmt":"2025-10-09T09:49:36","slug":"wp-kisa-kodlar-eklentisi-shortcodes-ultimate","status":"publish","type":"product","link":"https:\/\/hexexist.com\/tr\/urun\/wp-kisa-kodlar-eklentisi-shortcodes-ultimate\/","title":{"rendered":"WP K\u0131sa Kodlar Eklentisi ? Shortcodes Ultimate"},"content":{"rendered":"<p>Shortcodes Ultimate, yaz\u0131 edit\u00f6r\u00fcnde, metin widget&#8217;lar\u0131nda ve hatta \u015fablon dosyalar\u0131nda kullanabilece\u011finiz kullan\u0131\u015fl\u0131 \u00f6\u011felerden olu\u015fan devasa bir koleksiyondur.<\/p>\n","protected":false},"excerpt":{"rendered":"<p>Shortcodes Ultimate, yaz\u0131 edit\u00f6r\u00fcnde, metin widget&#8217;lar\u0131nda ve hatta \u015fablon dosyalar\u0131nda kullanabilece\u011finiz kullan\u0131\u015fl\u0131 \u00f6\u011felerden olu\u015fan devasa bir koleksiyondur.<\/p>\n","protected":false},"featured_media":12956,"comment_status":"open","ping_status":"closed","template":"","meta":[],"product_brand":[],"product_cat":[1413],"product_tag":[2540,2542,1494,1496,2138],"class_list":{"0":"post-14152","1":"product","2":"type-product","3":"status-publish","4":"has-post-thumbnail","6":"product_cat-eklentiler","7":"product_tag-atlikarinca","8":"product_tag-gecis","9":"product_tag-gonderiler","10":"product_tag-kisa-kod","11":"product_tag-sutunlar","13":"first","14":"instock","15":"downloadable","16":"virtual","17":"product-type-simple"},"_links":{"self":[{"href":"https:\/\/hexexist.com\/tr\/wp-json\/wp\/v2\/product\/14152","targetHints":{"allow":["GET"]}}],"collection":[{"href":"https:\/\/hexexist.com\/tr\/wp-json\/wp\/v2\/product"}],"about":[{"href":"https:\/\/hexexist.com\/tr\/wp-json\/wp\/v2\/types\/product"}],"replies":[{"embeddable":true,"href":"https:\/\/hexexist.com\/tr\/wp-json\/wp\/v2\/comments?post=14152"}],"wp:featuredmedia":[{"embeddable":true,"href":"https:\/\/hexexist.com\/tr\/wp-json\/wp\/v2\/media\/12956"}],"wp:attachment":[{"href":"https:\/\/hexexist.com\/tr\/wp-json\/wp\/v2\/media?parent=14152"}],"wp:term":[{"taxonomy":"product_brand","embeddable":true,"href":"https:\/\/hexexist.com\/tr\/wp-json\/wp\/v2\/product_brand?post=14152"},{"taxonomy":"product_cat","embeddable":true,"href":"https:\/\/hexexist.com\/tr\/wp-json\/wp\/v2\/product_cat?post=14152"},{"taxonomy":"product_tag","embeddable":true,"href":"https:\/\/hexexist.com\/tr\/wp-json\/wp\/v2\/product_tag?post=14152"}],"curies":[{"name":"wp","href":"https:\/\/api.w.org\/{rel}","templated":true}]}}