{"id":14153,"date":"2025-10-09T09:49:37","date_gmt":"2025-10-09T09:49:37","guid":{"rendered":"http:\/\/hexexist.com\/product\/wp-pagenavi\/"},"modified":"2025-10-09T09:49:37","modified_gmt":"2025-10-09T09:49:37","slug":"wp-pagenavi","status":"publish","type":"product","link":"https:\/\/hexexist.com\/tr\/urun\/wp-pagenavi\/","title":{"rendered":"WP-PageNavi"},"content":{"rendered":"<p>Eski \u2190 Eski g\u00f6nderiler | Yeni g\u00f6nderiler \u2192 ba\u011flant\u0131lar\u0131n\u0131 baz\u0131 sayfa ba\u011flant\u0131lar\u0131yla de\u011fi\u015ftirmek ister misiniz?<\/p>\n","protected":false},"excerpt":{"rendered":"<p>Eski \u2190 Eski g\u00f6nderiler | Yeni g\u00f6nderiler \u2192 ba\u011flant\u0131lar\u0131n\u0131 baz\u0131 sayfa ba\u011flant\u0131lar\u0131yla de\u011fi\u015ftirmek ister misiniz?<\/p>\n","protected":false},"featured_media":12965,"comment_status":"open","ping_status":"closed","template":"","meta":[],"product_brand":[],"product_cat":[1413],"product_tag":[1530,2539,2541,1495],"class_list":{"0":"post-14153","1":"product","2":"type-product","3":"status-publish","4":"has-post-thumbnail","6":"product_cat-eklentiler","7":"product_tag-navigasyon","8":"product_tag-sayfalama","9":"product_tag-sayfalama-tr","10":"product_tag-sayfalar","12":"first","13":"instock","14":"downloadable","15":"virtual","16":"product-type-simple"},"_links":{"self":[{"href":"https:\/\/hexexist.com\/tr\/wp-json\/wp\/v2\/product\/14153","targetHints":{"allow":["GET"]}}],"collection":[{"href":"https:\/\/hexexist.com\/tr\/wp-json\/wp\/v2\/product"}],"about":[{"href":"https:\/\/hexexist.com\/tr\/wp-json\/wp\/v2\/types\/product"}],"replies":[{"embeddable":true,"href":"https:\/\/hexexist.com\/tr\/wp-json\/wp\/v2\/comments?post=14153"}],"wp:featuredmedia":[{"embeddable":true,"href":"https:\/\/hexexist.com\/tr\/wp-json\/wp\/v2\/media\/12965"}],"wp:attachment":[{"href":"https:\/\/hexexist.com\/tr\/wp-json\/wp\/v2\/media?parent=14153"}],"wp:term":[{"taxonomy":"product_brand","embeddable":true,"href":"https:\/\/hexexist.com\/tr\/wp-json\/wp\/v2\/product_brand?post=14153"},{"taxonomy":"product_cat","embeddable":true,"href":"https:\/\/hexexist.com\/tr\/wp-json\/wp\/v2\/product_cat?post=14153"},{"taxonomy":"product_tag","embeddable":true,"href":"https:\/\/hexexist.com\/tr\/wp-json\/wp\/v2\/product_tag?post=14153"}],"curies":[{"name":"wp","href":"https:\/\/api.w.org\/{rel}","templated":true}]}}