{"id":14154,"date":"2025-10-09T09:49:37","date_gmt":"2025-10-09T09:49:37","guid":{"rendered":"http:\/\/hexexist.com\/product\/lightstart-bakim-modu-cok-yakinda-ve-acilis-sayfasi-olusturucu\/"},"modified":"2025-10-09T09:49:37","modified_gmt":"2025-10-09T09:49:37","slug":"lightstart-bakim-modu-cok-yakinda-ve-acilis-sayfasi-olusturucu","status":"publish","type":"product","link":"https:\/\/hexexist.com\/tr\/urun\/lightstart-bakim-modu-cok-yakinda-ve-acilis-sayfasi-olusturucu\/","title":{"rendered":"LightStart Bak\u0131m Modu, \u00c7ok Yak\u0131nda ve A\u00e7\u0131l\u0131\u015f Sayfas\u0131 Olu\u015fturucu"},"content":{"rendered":"<p>Blogunuza ziyaret\u00e7ilere blogunuzun bak\u0131m i\u00e7in kapal\u0131 oldu\u011funu bildiren bir bak\u0131m sayfas\u0131 ekleyin, yeni bir web sitesi i\u00e7in yak\u0131nda sayfas\u0131 ekleyin veya mevcut bir site i\u00e7in bir a\u00e7\u0131l\u0131\u015f sayfas\u0131 olu\u015fturun. Y\u00f6netici haklar\u0131na sahip kullan\u0131c\u0131, \u00f6n u\u00e7 dahil olmak \u00fczere bloga tam eri\u015fime sahip olur. <\/p>\n","protected":false},"excerpt":{"rendered":"<p>Blogunuza ziyaret\u00e7ilere blogunuzun bak\u0131m i\u00e7in kapal\u0131 oldu\u011funu bildiren bir bak\u0131m sayfas\u0131 ekleyin, yeni bir web sitesi i\u00e7in yak\u0131nda sayfas\u0131 ekleyin veya mevcut bir site i\u00e7in bir a\u00e7\u0131l\u0131\u015f sayfas\u0131 olu\u015fturun. Y\u00f6netici haklar\u0131na sahip kullan\u0131c\u0131, \u00f6n u\u00e7 dahil olmak \u00fczere bloga tam eri\u015fime sahip olur.<\/p>\n","protected":false},"featured_media":12964,"comment_status":"open","ping_status":"closed","template":"","meta":[],"product_brand":[],"product_cat":[1413],"product_tag":[1857,1854,2543,1444,2362],"class_list":{"0":"post-14154","1":"product","2":"type-product","3":"status-publish","4":"has-post-thumbnail","6":"product_cat-eklentiler","7":"product_tag-bakim-modu","8":"product_tag-cok-yakinda","9":"product_tag-kullanilamaz","10":"product_tag-yonetici","11":"product_tag-yonetim","13":"first","14":"instock","15":"downloadable","16":"virtual","17":"product-type-simple"},"_links":{"self":[{"href":"https:\/\/hexexist.com\/tr\/wp-json\/wp\/v2\/product\/14154","targetHints":{"allow":["GET"]}}],"collection":[{"href":"https:\/\/hexexist.com\/tr\/wp-json\/wp\/v2\/product"}],"about":[{"href":"https:\/\/hexexist.com\/tr\/wp-json\/wp\/v2\/types\/product"}],"replies":[{"embeddable":true,"href":"https:\/\/hexexist.com\/tr\/wp-json\/wp\/v2\/comments?post=14154"}],"wp:featuredmedia":[{"embeddable":true,"href":"https:\/\/hexexist.com\/tr\/wp-json\/wp\/v2\/media\/12964"}],"wp:attachment":[{"href":"https:\/\/hexexist.com\/tr\/wp-json\/wp\/v2\/media?parent=14154"}],"wp:term":[{"taxonomy":"product_brand","embeddable":true,"href":"https:\/\/hexexist.com\/tr\/wp-json\/wp\/v2\/product_brand?post=14154"},{"taxonomy":"product_cat","embeddable":true,"href":"https:\/\/hexexist.com\/tr\/wp-json\/wp\/v2\/product_cat?post=14154"},{"taxonomy":"product_tag","embeddable":true,"href":"https:\/\/hexexist.com\/tr\/wp-json\/wp\/v2\/product_tag?post=14154"}],"curies":[{"name":"wp","href":"https:\/\/api.w.org\/{rel}","templated":true}]}}