{"id":14155,"date":"2025-10-09T09:49:38","date_gmt":"2025-10-09T09:49:38","guid":{"rendered":"http:\/\/hexexist.com\/product\/mukerrer-gonderi\/"},"modified":"2025-10-09T09:49:38","modified_gmt":"2025-10-09T09:49:38","slug":"mukerrer-gonderi","status":"publish","type":"product","link":"https:\/\/hexexist.com\/tr\/urun\/mukerrer-gonderi\/","title":{"rendered":"M\u00fckerrer G\u00f6nderi"},"content":{"rendered":"<p>\u00dccretsiz kukla sitenizde deneyin: Buraya t\u0131klay\u0131n =&gt; https:\/\/tastewp.com\/plugins\/copy-delete-posts . (bu numara WP deposundaki t\u00fcm eklentiler i\u00e7in \u00e7al\u0131\u015f\u0131r, sadece URL&#8217;de ?wordpress ? yerine ?tastewp ? yaz\u0131n) <\/p>\n","protected":false},"excerpt":{"rendered":"<p>\u00dccretsiz kukla sitenizde deneyin: Buraya t\u0131klay\u0131n =&gt; https:\/\/tastewp.com\/plugins\/copy-delete-posts . (bu numara WP deposundaki t\u00fcm eklentiler i\u00e7in \u00e7al\u0131\u015f\u0131r, sadece URL&#8217;de ?wordpress ? yerine ?tastewp ? yaz\u0131n)<\/p>\n","protected":false},"featured_media":12972,"comment_status":"open","ping_status":"closed","template":"","meta":[],"product_brand":[],"product_cat":[1413],"product_tag":[2545,2544,1438,2547,2546],"class_list":{"0":"post-14155","1":"product","2":"type-product","3":"status-publish","4":"has-post-thumbnail","6":"product_cat-eklentiler","7":"product_tag-kopya-gonderiler","8":"product_tag-kopya-sayfalar","9":"product_tag-mukerrer-gonderi","10":"product_tag-yinelenen-gonderiler","11":"product_tag-yinelenen-sayfalar","13":"first","14":"instock","15":"downloadable","16":"virtual","17":"product-type-simple"},"_links":{"self":[{"href":"https:\/\/hexexist.com\/tr\/wp-json\/wp\/v2\/product\/14155","targetHints":{"allow":["GET"]}}],"collection":[{"href":"https:\/\/hexexist.com\/tr\/wp-json\/wp\/v2\/product"}],"about":[{"href":"https:\/\/hexexist.com\/tr\/wp-json\/wp\/v2\/types\/product"}],"replies":[{"embeddable":true,"href":"https:\/\/hexexist.com\/tr\/wp-json\/wp\/v2\/comments?post=14155"}],"wp:featuredmedia":[{"embeddable":true,"href":"https:\/\/hexexist.com\/tr\/wp-json\/wp\/v2\/media\/12972"}],"wp:attachment":[{"href":"https:\/\/hexexist.com\/tr\/wp-json\/wp\/v2\/media?parent=14155"}],"wp:term":[{"taxonomy":"product_brand","embeddable":true,"href":"https:\/\/hexexist.com\/tr\/wp-json\/wp\/v2\/product_brand?post=14155"},{"taxonomy":"product_cat","embeddable":true,"href":"https:\/\/hexexist.com\/tr\/wp-json\/wp\/v2\/product_cat?post=14155"},{"taxonomy":"product_tag","embeddable":true,"href":"https:\/\/hexexist.com\/tr\/wp-json\/wp\/v2\/product_tag?post=14155"}],"curies":[{"name":"wp","href":"https:\/\/api.w.org\/{rel}","templated":true}]}}