{"id":14156,"date":"2025-10-09T09:49:37","date_gmt":"2025-10-09T09:49:37","guid":{"rendered":"http:\/\/hexexist.com\/product\/woocommerce-legacy-rest-api\/"},"modified":"2025-10-09T09:49:37","modified_gmt":"2025-10-09T09:49:37","slug":"woocommerce-legacy-rest-api","status":"publish","type":"product","link":"https:\/\/hexexist.com\/tr\/urun\/woocommerce-legacy-rest-api\/","title":{"rendered":"WooCommerce Legacy REST API"},"content":{"rendered":"<p>Legacy REST API, 9.0 s\u00fcr\u00fcm\u00fcnden itibaren art\u0131k WooCommerce&#8217;in bir par\u00e7as\u0131 olmayacak. Bu eklenti, WooCommerce 9.0 ve sonraki s\u00fcr\u00fcmlerde kald\u0131r\u0131lan Legacy REST API kodunun tam i\u015flevselli\u011fini geri y\u00fckler. <\/p>\n","protected":false},"excerpt":{"rendered":"<p>Legacy REST API, 9.0 s\u00fcr\u00fcm\u00fcnden itibaren art\u0131k WooCommerce&#8217;in bir par\u00e7as\u0131 olmayacak. Bu eklenti, WooCommerce 9.0 ve sonraki s\u00fcr\u00fcmlerde kald\u0131r\u0131lan Legacy REST API kodunun tam i\u015flevselli\u011fini geri y\u00fckler.<\/p>\n","protected":false},"featured_media":12963,"comment_status":"open","ping_status":"closed","template":"","meta":[],"product_brand":[],"product_cat":[1413],"product_tag":[1445,1710,1459],"class_list":{"0":"post-14156","1":"product","2":"type-product","3":"status-publish","4":"has-post-thumbnail","6":"product_cat-eklentiler","7":"product_tag-rest-api-tr","8":"product_tag-woo-tr","9":"product_tag-woocommerce-tr","11":"first","12":"instock","13":"downloadable","14":"virtual","15":"product-type-simple"},"_links":{"self":[{"href":"https:\/\/hexexist.com\/tr\/wp-json\/wp\/v2\/product\/14156","targetHints":{"allow":["GET"]}}],"collection":[{"href":"https:\/\/hexexist.com\/tr\/wp-json\/wp\/v2\/product"}],"about":[{"href":"https:\/\/hexexist.com\/tr\/wp-json\/wp\/v2\/types\/product"}],"replies":[{"embeddable":true,"href":"https:\/\/hexexist.com\/tr\/wp-json\/wp\/v2\/comments?post=14156"}],"wp:featuredmedia":[{"embeddable":true,"href":"https:\/\/hexexist.com\/tr\/wp-json\/wp\/v2\/media\/12963"}],"wp:attachment":[{"href":"https:\/\/hexexist.com\/tr\/wp-json\/wp\/v2\/media?parent=14156"}],"wp:term":[{"taxonomy":"product_brand","embeddable":true,"href":"https:\/\/hexexist.com\/tr\/wp-json\/wp\/v2\/product_brand?post=14156"},{"taxonomy":"product_cat","embeddable":true,"href":"https:\/\/hexexist.com\/tr\/wp-json\/wp\/v2\/product_cat?post=14156"},{"taxonomy":"product_tag","embeddable":true,"href":"https:\/\/hexexist.com\/tr\/wp-json\/wp\/v2\/product_tag?post=14156"}],"curies":[{"name":"wp","href":"https:\/\/api.w.org\/{rel}","templated":true}]}}