{"id":14157,"date":"2025-10-09T09:49:38","date_gmt":"2025-10-09T09:49:38","guid":{"rendered":"http:\/\/hexexist.com\/product\/cf7-uygulamalari-iletisim-formu-7-icin-honeypot-ve-hcaptcha\/"},"modified":"2025-10-09T09:49:38","modified_gmt":"2025-10-09T09:49:38","slug":"cf7-uygulamalari-iletisim-formu-7-icin-honeypot-ve-hcaptcha","status":"publish","type":"product","link":"https:\/\/hexexist.com\/tr\/urun\/cf7-uygulamalari-iletisim-formu-7-icin-honeypot-ve-hcaptcha\/","title":{"rendered":"CF7 Uygulamalar\u0131 \u0130leti\u015fim Formu 7 i\u00e7in Honeypot ve hCAPTCHA]"},"content":{"rendered":"<p>CF7 Apps ile Contact Form 7 formlar\u0131n\u0131za ekstra Spam Korumas\u0131 i\u015flevleri ekleyin.<\/p>\n","protected":false},"excerpt":{"rendered":"<p>CF7 Apps ile Contact Form 7 formlar\u0131n\u0131za ekstra Spam Korumas\u0131 i\u015flevleri ekleyin.<\/p>\n","protected":false},"featured_media":12971,"comment_status":"open","ping_status":"closed","template":"","meta":[],"product_brand":[],"product_cat":[1413],"product_tag":[1424,1991,1545,2549,2548],"class_list":{"0":"post-14157","1":"product","2":"type-product","3":"status-publish","4":"has-post-thumbnail","6":"product_cat-eklentiler","7":"product_tag-anti-spam-tr","8":"product_tag-bal-kupu","9":"product_tag-captcha-tr","10":"product_tag-cf7-veritabani","11":"product_tag-spam-korumasi","13":"first","14":"instock","15":"downloadable","16":"virtual","17":"product-type-simple"},"_links":{"self":[{"href":"https:\/\/hexexist.com\/tr\/wp-json\/wp\/v2\/product\/14157","targetHints":{"allow":["GET"]}}],"collection":[{"href":"https:\/\/hexexist.com\/tr\/wp-json\/wp\/v2\/product"}],"about":[{"href":"https:\/\/hexexist.com\/tr\/wp-json\/wp\/v2\/types\/product"}],"replies":[{"embeddable":true,"href":"https:\/\/hexexist.com\/tr\/wp-json\/wp\/v2\/comments?post=14157"}],"wp:featuredmedia":[{"embeddable":true,"href":"https:\/\/hexexist.com\/tr\/wp-json\/wp\/v2\/media\/12971"}],"wp:attachment":[{"href":"https:\/\/hexexist.com\/tr\/wp-json\/wp\/v2\/media?parent=14157"}],"wp:term":[{"taxonomy":"product_brand","embeddable":true,"href":"https:\/\/hexexist.com\/tr\/wp-json\/wp\/v2\/product_brand?post=14157"},{"taxonomy":"product_cat","embeddable":true,"href":"https:\/\/hexexist.com\/tr\/wp-json\/wp\/v2\/product_cat?post=14157"},{"taxonomy":"product_tag","embeddable":true,"href":"https:\/\/hexexist.com\/tr\/wp-json\/wp\/v2\/product_tag?post=14157"}],"curies":[{"name":"wp","href":"https:\/\/api.w.org\/{rel}","templated":true}]}}