{"id":14158,"date":"2025-10-09T09:49:37","date_gmt":"2025-10-09T09:49:37","guid":{"rendered":"http:\/\/hexexist.com\/product\/woocommerce-icin-odeme-alani-duzenleyicisi-checkout-manager\/"},"modified":"2025-10-09T09:49:37","modified_gmt":"2025-10-09T09:49:37","slug":"woocommerce-icin-odeme-alani-duzenleyicisi-checkout-manager","status":"publish","type":"product","link":"https:\/\/hexexist.com\/tr\/urun\/woocommerce-icin-odeme-alani-duzenleyicisi-checkout-manager\/","title":{"rendered":"WooCommerce i\u00e7in \u00d6deme Alan\u0131 D\u00fczenleyicisi (Checkout Manager)"},"content":{"rendered":"<p>WooCommerce Checkout Field Editor, WooCommerce platformunuzun varsay\u0131lan \u00f6deme alanlar\u0131n\u0131 d\u00fczenlemenize, varsay\u0131lan alanlar\u0131 eklemenize, d\u00fczenlemenize, gizlemenize veya silmenize, etiketleri de\u011fi\u015ftirmenize, \u00f6deme alanlar\u0131n\u0131 yeniden d\u00fczenlemenize, \u00f6deme alanlar\u0131n\u0131 do\u011frulaman\u0131za, \u00f6zel css s\u0131n\u0131flar\u0131 eklemenize vb. olanak tan\u0131r.<\/p>\n","protected":false},"excerpt":{"rendered":"<p>WooCommerce Checkout Field Editor, WooCommerce platformunuzun varsay\u0131lan \u00f6deme alanlar\u0131n\u0131 d\u00fczenlemenize, varsay\u0131lan alanlar\u0131 eklemenize, d\u00fczenlemenize, gizlemenize veya silmenize, etiketleri de\u011fi\u015ftirmenize, \u00f6deme alanlar\u0131n\u0131 yeniden d\u00fczenlemenize, \u00f6deme alanlar\u0131n\u0131 do\u011frulaman\u0131za, \u00f6zel css s\u0131n\u0131flar\u0131 eklemenize vb. olanak tan\u0131r.<\/p>\n","protected":false},"featured_media":12962,"comment_status":"open","ping_status":"closed","template":"","meta":[],"product_brand":[],"product_cat":[1413],"product_tag":[2550,2062,1727,1728,2551],"class_list":{"0":"post-14158","1":"product","2":"type-product","3":"status-publish","4":"has-post-thumbnail","6":"product_cat-eklentiler","7":"product_tag-odeme-alani-duzenleyicisi","8":"product_tag-odeme-muduru","9":"product_tag-ozel-alanlar","10":"product_tag-woocommerce-odeme","11":"product_tag-woocommerce-odeme-alani","13":"first","14":"instock","15":"downloadable","16":"virtual","17":"product-type-simple"},"_links":{"self":[{"href":"https:\/\/hexexist.com\/tr\/wp-json\/wp\/v2\/product\/14158","targetHints":{"allow":["GET"]}}],"collection":[{"href":"https:\/\/hexexist.com\/tr\/wp-json\/wp\/v2\/product"}],"about":[{"href":"https:\/\/hexexist.com\/tr\/wp-json\/wp\/v2\/types\/product"}],"replies":[{"embeddable":true,"href":"https:\/\/hexexist.com\/tr\/wp-json\/wp\/v2\/comments?post=14158"}],"wp:featuredmedia":[{"embeddable":true,"href":"https:\/\/hexexist.com\/tr\/wp-json\/wp\/v2\/media\/12962"}],"wp:attachment":[{"href":"https:\/\/hexexist.com\/tr\/wp-json\/wp\/v2\/media?parent=14158"}],"wp:term":[{"taxonomy":"product_brand","embeddable":true,"href":"https:\/\/hexexist.com\/tr\/wp-json\/wp\/v2\/product_brand?post=14158"},{"taxonomy":"product_cat","embeddable":true,"href":"https:\/\/hexexist.com\/tr\/wp-json\/wp\/v2\/product_cat?post=14158"},{"taxonomy":"product_tag","embeddable":true,"href":"https:\/\/hexexist.com\/tr\/wp-json\/wp\/v2\/product_tag?post=14158"}],"curies":[{"name":"wp","href":"https:\/\/api.w.org\/{rel}","templated":true}]}}