{"id":14159,"date":"2025-10-09T09:49:38","date_gmt":"2025-10-09T09:49:38","guid":{"rendered":"http:\/\/hexexist.com\/product\/sayfa-olusturucu-gutenberg-bloklari-coblocks\/"},"modified":"2025-10-09T09:49:38","modified_gmt":"2025-10-09T09:49:38","slug":"sayfa-olusturucu-gutenberg-bloklari-coblocks","status":"publish","type":"product","link":"https:\/\/hexexist.com\/tr\/urun\/sayfa-olusturucu-gutenberg-bloklari-coblocks\/","title":{"rendered":"Sayfa Olu\u015fturucu Gutenberg Bloklar\u0131 CoBlocks"},"content":{"rendered":"<p>CoBlocks, yeni Gutenberg WordPress blok edit\u00f6r\u00fc i\u00e7in en yenilik\u00e7i sayfa olu\u015fturma WordPress bloklar\u0131 koleksiyonudur.<\/p>\n","protected":false},"excerpt":{"rendered":"<p>CoBlocks, yeni Gutenberg WordPress blok edit\u00f6r\u00fc i\u00e7in en yenilik\u00e7i sayfa olu\u015fturma WordPress bloklar\u0131 koleksiyonudur.<\/p>\n","protected":false},"featured_media":12970,"comment_status":"open","ping_status":"closed","template":"","meta":[],"product_brand":[],"product_cat":[1413],"product_tag":[1529,1526,2205,1535,2207],"class_list":{"0":"post-14159","1":"product","2":"type-product","3":"status-publish","4":"has-post-thumbnail","6":"product_cat-eklentiler","7":"product_tag-bloklar","8":"product_tag-gutenberg-tr","9":"product_tag-gutenberg-bloklari","10":"product_tag-sayfa-olusturucu","11":"product_tag-wordpress-bloklari","13":"first","14":"instock","15":"downloadable","16":"virtual","17":"product-type-simple"},"_links":{"self":[{"href":"https:\/\/hexexist.com\/tr\/wp-json\/wp\/v2\/product\/14159","targetHints":{"allow":["GET"]}}],"collection":[{"href":"https:\/\/hexexist.com\/tr\/wp-json\/wp\/v2\/product"}],"about":[{"href":"https:\/\/hexexist.com\/tr\/wp-json\/wp\/v2\/types\/product"}],"replies":[{"embeddable":true,"href":"https:\/\/hexexist.com\/tr\/wp-json\/wp\/v2\/comments?post=14159"}],"wp:featuredmedia":[{"embeddable":true,"href":"https:\/\/hexexist.com\/tr\/wp-json\/wp\/v2\/media\/12970"}],"wp:attachment":[{"href":"https:\/\/hexexist.com\/tr\/wp-json\/wp\/v2\/media?parent=14159"}],"wp:term":[{"taxonomy":"product_brand","embeddable":true,"href":"https:\/\/hexexist.com\/tr\/wp-json\/wp\/v2\/product_brand?post=14159"},{"taxonomy":"product_cat","embeddable":true,"href":"https:\/\/hexexist.com\/tr\/wp-json\/wp\/v2\/product_cat?post=14159"},{"taxonomy":"product_tag","embeddable":true,"href":"https:\/\/hexexist.com\/tr\/wp-json\/wp\/v2\/product_tag?post=14159"}],"curies":[{"name":"wp","href":"https:\/\/api.w.org\/{rel}","templated":true}]}}