{"id":14160,"date":"2025-10-09T09:49:38","date_gmt":"2025-10-09T09:49:38","guid":{"rendered":"http:\/\/hexexist.com\/product\/yuzen-sohbet-widgeti-iletisim-sohbet-simgeleri-telegram-sohbet-line-messenger-wechat-e-posta-sms-cagri-dugmesi-chaty\/"},"modified":"2025-10-09T09:49:38","modified_gmt":"2025-10-09T09:49:38","slug":"yuzen-sohbet-widgeti-iletisim-sohbet-simgeleri-telegram-sohbet-line-messenger-wechat-e-posta-sms-cagri-dugmesi-chaty","status":"publish","type":"product","link":"https:\/\/hexexist.com\/tr\/urun\/yuzen-sohbet-widgeti-iletisim-sohbet-simgeleri-telegram-sohbet-line-messenger-wechat-e-posta-sms-cagri-dugmesi-chaty\/","title":{"rendered":"Y\u00fczen Sohbet Widget&#8217;\u0131: \u0130leti\u015fim Sohbet Simgeleri, Telegram Sohbet, Line Messenger, WeChat, E-posta, SMS, \u00c7a\u011fr\u0131 D\u00fc\u011fmesi Chaty"},"content":{"rendered":"<p>M\u00fc\u015fterilerinizle ileti\u015fim kurmak i\u00e7in bir sohbet d\u00fc\u011fmesi. Web sitenizin ziyaret\u00e7ileriyle WhatsApp sohbeti, Facebook Messenger ve daha fazlas\u0131 gibi en sevdikleri kanallar arac\u0131l\u0131\u011f\u0131yla sohbet edin. <\/p>\n","protected":false},"excerpt":{"rendered":"<p>M\u00fc\u015fterilerinizle ileti\u015fim kurmak i\u00e7in bir sohbet d\u00fc\u011fmesi. Web sitenizin ziyaret\u00e7ileriyle WhatsApp sohbeti, Facebook Messenger ve daha fazlas\u0131 gibi en sevdikleri kanallar arac\u0131l\u0131\u011f\u0131yla sohbet edin.<\/p>\n","protected":false},"featured_media":12969,"comment_status":"open","ping_status":"closed","template":"","meta":[],"product_brand":[],"product_cat":[1413],"product_tag":[2552,1475,2553,2189,2193],"class_list":{"0":"post-14160","1":"product","2":"type-product","3":"status-publish","4":"has-post-thumbnail","6":"product_cat-eklentiler","7":"product_tag-facebook-messenger-tr","8":"product_tag-sohbet","9":"product_tag-sohbet-dugmesi","10":"product_tag-whatsapp-tr","11":"product_tag-whatsapp-sohbet","13":"first","14":"instock","15":"downloadable","16":"virtual","17":"product-type-simple"},"_links":{"self":[{"href":"https:\/\/hexexist.com\/tr\/wp-json\/wp\/v2\/product\/14160","targetHints":{"allow":["GET"]}}],"collection":[{"href":"https:\/\/hexexist.com\/tr\/wp-json\/wp\/v2\/product"}],"about":[{"href":"https:\/\/hexexist.com\/tr\/wp-json\/wp\/v2\/types\/product"}],"replies":[{"embeddable":true,"href":"https:\/\/hexexist.com\/tr\/wp-json\/wp\/v2\/comments?post=14160"}],"wp:featuredmedia":[{"embeddable":true,"href":"https:\/\/hexexist.com\/tr\/wp-json\/wp\/v2\/media\/12969"}],"wp:attachment":[{"href":"https:\/\/hexexist.com\/tr\/wp-json\/wp\/v2\/media?parent=14160"}],"wp:term":[{"taxonomy":"product_brand","embeddable":true,"href":"https:\/\/hexexist.com\/tr\/wp-json\/wp\/v2\/product_brand?post=14160"},{"taxonomy":"product_cat","embeddable":true,"href":"https:\/\/hexexist.com\/tr\/wp-json\/wp\/v2\/product_cat?post=14160"},{"taxonomy":"product_tag","embeddable":true,"href":"https:\/\/hexexist.com\/tr\/wp-json\/wp\/v2\/product_tag?post=14160"}],"curies":[{"name":"wp","href":"https:\/\/api.w.org\/{rel}","templated":true}]}}