{"id":14161,"date":"2025-10-09T09:49:37","date_gmt":"2025-10-09T09:49:37","guid":{"rendered":"http:\/\/hexexist.com\/product\/medya-icin-donusturucu-goruntuleri-optimize-edin-webp-ve-avif-donusturun\/"},"modified":"2025-10-09T09:49:37","modified_gmt":"2025-10-09T09:49:37","slug":"medya-icin-donusturucu-goruntuleri-optimize-edin-webp-ve-avif-donusturun","status":"publish","type":"product","link":"https:\/\/hexexist.com\/tr\/urun\/medya-icin-donusturucu-goruntuleri-optimize-edin-webp-ve-avif-donusturun\/","title":{"rendered":"Medya i\u00e7in D\u00f6n\u00fc\u015ft\u00fcr\u00fcc\u00fc G\u00f6r\u00fcnt\u00fcleri optimize edin | WebP ve AVIF d\u00f6n\u00fc\u015ft\u00fcr\u00fcn"},"content":{"rendered":"<p>WebP ve AVIF g\u00f6r\u00fcnt\u00fcleri sunarak kolay g\u00f6r\u00fcnt\u00fc iyile\u015ftiricimizi kullanarak web sitenizi h\u0131zland\u0131r\u0131n. Standart JPEG, PNG ve GIF formatlar\u0131ndaki dosyalar\u0131 WebP ve AVIF formatlar\u0131yla de\u011fi\u015ftirerek, kaliteden \u00f6d\u00fcn vermeden sayfa a\u011f\u0131rl\u0131\u011f\u0131n\u0131n yar\u0131s\u0131ndan fazlas\u0131n\u0131 tasarruf edebilirsiniz. <\/p>\n","protected":false},"excerpt":{"rendered":"<p>WebP ve AVIF g\u00f6r\u00fcnt\u00fcleri sunarak kolay g\u00f6r\u00fcnt\u00fc iyile\u015ftiricimizi kullanarak web sitenizi h\u0131zland\u0131r\u0131n. Standart JPEG, PNG ve GIF formatlar\u0131ndaki dosyalar\u0131 WebP ve AVIF formatlar\u0131yla de\u011fi\u015ftirerek, kaliteden \u00f6d\u00fcn vermeden sayfa a\u011f\u0131rl\u0131\u011f\u0131n\u0131n yar\u0131s\u0131ndan fazlas\u0131n\u0131 tasarruf edebilirsiniz.<\/p>\n","protected":false},"featured_media":12961,"comment_status":"open","ping_status":"closed","template":"","meta":[],"product_brand":[],"product_cat":[1413],"product_tag":[2176,2406,2078,2003,2405],"class_list":{"0":"post-14161","1":"product","2":"type-product","3":"status-publish","4":"has-post-thumbnail","6":"product_cat-eklentiler","7":"product_tag-goruntu-optimizasyonu","8":"product_tag-goruntuleri-optimize-edin","9":"product_tag-goruntuleri-sikistir","10":"product_tag-webp-tr","11":"product_tag-webp-donusturmek","13":"first","14":"instock","15":"downloadable","16":"virtual","17":"product-type-simple"},"_links":{"self":[{"href":"https:\/\/hexexist.com\/tr\/wp-json\/wp\/v2\/product\/14161","targetHints":{"allow":["GET"]}}],"collection":[{"href":"https:\/\/hexexist.com\/tr\/wp-json\/wp\/v2\/product"}],"about":[{"href":"https:\/\/hexexist.com\/tr\/wp-json\/wp\/v2\/types\/product"}],"replies":[{"embeddable":true,"href":"https:\/\/hexexist.com\/tr\/wp-json\/wp\/v2\/comments?post=14161"}],"wp:featuredmedia":[{"embeddable":true,"href":"https:\/\/hexexist.com\/tr\/wp-json\/wp\/v2\/media\/12961"}],"wp:attachment":[{"href":"https:\/\/hexexist.com\/tr\/wp-json\/wp\/v2\/media?parent=14161"}],"wp:term":[{"taxonomy":"product_brand","embeddable":true,"href":"https:\/\/hexexist.com\/tr\/wp-json\/wp\/v2\/product_brand?post=14161"},{"taxonomy":"product_cat","embeddable":true,"href":"https:\/\/hexexist.com\/tr\/wp-json\/wp\/v2\/product_cat?post=14161"},{"taxonomy":"product_tag","embeddable":true,"href":"https:\/\/hexexist.com\/tr\/wp-json\/wp\/v2\/product_tag?post=14161"}],"curies":[{"name":"wp","href":"https:\/\/api.w.org\/{rel}","templated":true}]}}