{"id":14162,"date":"2025-10-09T09:49:38","date_gmt":"2025-10-09T09:49:38","guid":{"rendered":"http:\/\/hexexist.com\/product\/breeze-wordpress-onbellek-eklentisi\/"},"modified":"2025-10-09T09:49:38","modified_gmt":"2025-10-09T09:49:38","slug":"breeze-wordpress-onbellek-eklentisi","status":"publish","type":"product","link":"https:\/\/hexexist.com\/tr\/urun\/breeze-wordpress-onbellek-eklentisi\/","title":{"rendered":"Breeze WordPress \u00d6nbellek Eklentisi"},"content":{"rendered":"<p>Breeze, Cloudways ekibi taraf\u0131ndan geli\u015ftirilen \u00fccretsiz, basit (ancak g\u00fc\u00e7l\u00fc) ve kullan\u0131c\u0131 dostu bir WordPress \u00d6nbellekleme Eklentisidir. WordPress performans\u0131n\u0131 \u00e7e\u015fitli seviyelerde optimize etmek i\u00e7in \u00e7e\u015fitli se\u00e7enekler sunar. WordPress, WooCommerce&#8217;li WordPress ve WordPress Multisite ile e\u015fit derecede harika \u00e7al\u0131\u015f\u0131r.  <\/p>\n","protected":false},"excerpt":{"rendered":"<p>Breeze, Cloudways ekibi taraf\u0131ndan geli\u015ftirilen \u00fccretsiz, basit (ancak g\u00fc\u00e7l\u00fc) ve kullan\u0131c\u0131 dostu bir WordPress \u00d6nbellekleme Eklentisidir. WordPress performans\u0131n\u0131 \u00e7e\u015fitli seviyelerde optimize etmek i\u00e7in \u00e7e\u015fitli se\u00e7enekler sunar. WordPress, WooCommerce&#8217;li WordPress ve WordPress Multisite ile e\u015fit derecede harika \u00e7al\u0131\u015f\u0131r.<\/p>\n","protected":false},"featured_media":12968,"comment_status":"open","ping_status":"closed","template":"","meta":[],"product_brand":[],"product_cat":[1413],"product_tag":[2534,1737,1627,1469,2554],"class_list":{"0":"post-14162","1":"product","2":"type-product","3":"status-publish","4":"has-post-thumbnail","6":"product_cat-eklentiler","7":"product_tag-cdn-tr","8":"product_tag-onbellege-alma","9":"product_tag-onbellek","10":"product_tag-performans","11":"product_tag-wp-onbellek","13":"first","14":"instock","15":"downloadable","16":"virtual","17":"product-type-simple"},"_links":{"self":[{"href":"https:\/\/hexexist.com\/tr\/wp-json\/wp\/v2\/product\/14162","targetHints":{"allow":["GET"]}}],"collection":[{"href":"https:\/\/hexexist.com\/tr\/wp-json\/wp\/v2\/product"}],"about":[{"href":"https:\/\/hexexist.com\/tr\/wp-json\/wp\/v2\/types\/product"}],"replies":[{"embeddable":true,"href":"https:\/\/hexexist.com\/tr\/wp-json\/wp\/v2\/comments?post=14162"}],"wp:featuredmedia":[{"embeddable":true,"href":"https:\/\/hexexist.com\/tr\/wp-json\/wp\/v2\/media\/12968"}],"wp:attachment":[{"href":"https:\/\/hexexist.com\/tr\/wp-json\/wp\/v2\/media?parent=14162"}],"wp:term":[{"taxonomy":"product_brand","embeddable":true,"href":"https:\/\/hexexist.com\/tr\/wp-json\/wp\/v2\/product_brand?post=14162"},{"taxonomy":"product_cat","embeddable":true,"href":"https:\/\/hexexist.com\/tr\/wp-json\/wp\/v2\/product_cat?post=14162"},{"taxonomy":"product_tag","embeddable":true,"href":"https:\/\/hexexist.com\/tr\/wp-json\/wp\/v2\/product_tag?post=14162"}],"curies":[{"name":"wp","href":"https:\/\/api.w.org\/{rel}","templated":true}]}}