{"id":14164,"date":"2025-10-09T09:49:38","date_gmt":"2025-10-09T09:49:38","guid":{"rendered":"http:\/\/hexexist.com\/product\/amp\/"},"modified":"2025-10-09T09:49:38","modified_gmt":"2025-10-09T09:49:38","slug":"amp","status":"publish","type":"product","link":"https:\/\/hexexist.com\/tr\/urun\/amp\/","title":{"rendered":"AMP"},"content":{"rendered":"<p>Sayfa Deneyimi (PX), Core Web Vitals (CWV) dahil olmak \u00fczere, bir web sayfas\u0131yla etkile\u015fime girmenin kullan\u0131c\u0131 deneyimini \u00f6l\u00e7en bir dizi s\u0131ralama sinyalidir. AMP, sitenizde bir\u00e7ok optimizasyonu ve en iyi uygulamalar\u0131 otomatik olarak uygulayarak ziyaret\u00e7ileriniz i\u00e7in iyi bir sayfa deneyimi elde etmenizi kolayla\u015ft\u0131ran g\u00fc\u00e7l\u00fc bir ara\u00e7t\u0131r. AMP ekibi taraf\u0131ndan desteklenen resmi AMP Eklentisi, AMP&#8217;nin g\u00fcc\u00fcn\u00fc WordPress sitenize getirmeyi kolayla\u015ft\u0131r\u0131r, normal yay\u0131n ak\u0131\u015f\u0131na sorunsuz bir \u015fekilde entegre olur ve mevcut temalar\u0131n ve eklentilerin kullan\u0131lmas\u0131na izin verir.<\/p>\n","protected":false},"excerpt":{"rendered":"<p>Sayfa Deneyimi (PX), Core Web Vitals (CWV) dahil olmak \u00fczere, bir web sayfas\u0131yla etkile\u015fime girmenin kullan\u0131c\u0131 deneyimini \u00f6l\u00e7en bir dizi s\u0131ralama sinyalidir. AMP, sitenizde bir\u00e7ok optimizasyonu ve en iyi uygulamalar\u0131 otomatik olarak uygulayarak ziyaret\u00e7ileriniz i\u00e7in iyi bir sayfa deneyimi elde etmenizi kolayla\u015ft\u0131ran g\u00fc\u00e7l\u00fc bir ara\u00e7t\u0131r. AMP ekibi taraf\u0131ndan desteklenen resmi AMP Eklentisi, AMP&#8217;nin g\u00fcc\u00fcn\u00fc WordPress [&hellip;]<\/p>\n","protected":false},"featured_media":12967,"comment_status":"open","ping_status":"closed","template":"","meta":[],"product_brand":[],"product_cat":[1413],"product_tag":[1503,1531,2424,1469,2559],"class_list":{"0":"post-14164","1":"product","2":"type-product","3":"status-publish","4":"has-post-thumbnail","6":"product_cat-eklentiler","7":"product_tag-amp-tr","8":"product_tag-mobil","9":"product_tag-optimizasyon","10":"product_tag-performans","11":"product_tag-sayfa-deneyimi","13":"first","14":"instock","15":"downloadable","16":"virtual","17":"product-type-simple"},"_links":{"self":[{"href":"https:\/\/hexexist.com\/tr\/wp-json\/wp\/v2\/product\/14164","targetHints":{"allow":["GET"]}}],"collection":[{"href":"https:\/\/hexexist.com\/tr\/wp-json\/wp\/v2\/product"}],"about":[{"href":"https:\/\/hexexist.com\/tr\/wp-json\/wp\/v2\/types\/product"}],"replies":[{"embeddable":true,"href":"https:\/\/hexexist.com\/tr\/wp-json\/wp\/v2\/comments?post=14164"}],"wp:featuredmedia":[{"embeddable":true,"href":"https:\/\/hexexist.com\/tr\/wp-json\/wp\/v2\/media\/12967"}],"wp:attachment":[{"href":"https:\/\/hexexist.com\/tr\/wp-json\/wp\/v2\/media?parent=14164"}],"wp:term":[{"taxonomy":"product_brand","embeddable":true,"href":"https:\/\/hexexist.com\/tr\/wp-json\/wp\/v2\/product_brand?post=14164"},{"taxonomy":"product_cat","embeddable":true,"href":"https:\/\/hexexist.com\/tr\/wp-json\/wp\/v2\/product_cat?post=14164"},{"taxonomy":"product_tag","embeddable":true,"href":"https:\/\/hexexist.com\/tr\/wp-json\/wp\/v2\/product_tag?post=14164"}],"curies":[{"name":"wp","href":"https:\/\/api.w.org\/{rel}","templated":true}]}}