{"id":14165,"date":"2025-10-09T09:49:40","date_gmt":"2025-10-09T09:49:40","guid":{"rendered":"http:\/\/hexexist.com\/product\/sayfa-olusturucu-pagelayer-surukle-ve-birak-web-sitesi-olusturucu\/"},"modified":"2025-10-09T09:49:40","modified_gmt":"2025-10-09T09:49:40","slug":"sayfa-olusturucu-pagelayer-surukle-ve-birak-web-sitesi-olusturucu","status":"publish","type":"product","link":"https:\/\/hexexist.com\/tr\/urun\/sayfa-olusturucu-pagelayer-surukle-ve-birak-web-sitesi-olusturucu\/","title":{"rendered":"Sayfa Olu\u015fturucu: Pagelayer S\u00fcr\u00fckle ve B\u0131rak web sitesi olu\u015fturucu"},"content":{"rendered":"<p>Size bir WordPress Web Sitesi olu\u015fturucu olan Pagelayer&#8217;\u0131 sunuyoruz. \u0130ster yeni ba\u015flayan ister profesyonel olun, Pagelayer a\u015f\u0131k olaca\u011f\u0131n\u0131z en iyi tasar\u0131m deneyimini ve h\u0131zl\u0131 performans\u0131 sunmak i\u00e7in tasarlanm\u0131\u015ft\u0131r. <\/p>\n","protected":false},"excerpt":{"rendered":"<p>Size bir WordPress Web Sitesi olu\u015fturucu olan Pagelayer&#8217;\u0131 sunuyoruz. \u0130ster yeni ba\u015flayan ister profesyonel olun, Pagelayer a\u015f\u0131k olaca\u011f\u0131n\u0131z en iyi tasar\u0131m deneyimini ve h\u0131zl\u0131 performans\u0131 sunmak i\u00e7in tasarlanm\u0131\u015ft\u0131r.<\/p>\n","protected":false},"featured_media":12979,"comment_status":"open","ping_status":"closed","template":"","meta":[],"product_brand":[],"product_cat":[1413],"product_tag":[1867,1771,2205,1535,1997],"class_list":{"0":"post-14165","1":"product","2":"type-product","3":"status-publish","4":"has-post-thumbnail","6":"product_cat-eklentiler","7":"product_tag-acilis-sayfasi","8":"product_tag-editor-tr","9":"product_tag-gutenberg-bloklari","10":"product_tag-sayfa-olusturucu","11":"product_tag-surukle-ve-birak","13":"first","14":"instock","15":"downloadable","16":"virtual","17":"product-type-simple"},"_links":{"self":[{"href":"https:\/\/hexexist.com\/tr\/wp-json\/wp\/v2\/product\/14165","targetHints":{"allow":["GET"]}}],"collection":[{"href":"https:\/\/hexexist.com\/tr\/wp-json\/wp\/v2\/product"}],"about":[{"href":"https:\/\/hexexist.com\/tr\/wp-json\/wp\/v2\/types\/product"}],"replies":[{"embeddable":true,"href":"https:\/\/hexexist.com\/tr\/wp-json\/wp\/v2\/comments?post=14165"}],"wp:featuredmedia":[{"embeddable":true,"href":"https:\/\/hexexist.com\/tr\/wp-json\/wp\/v2\/media\/12979"}],"wp:attachment":[{"href":"https:\/\/hexexist.com\/tr\/wp-json\/wp\/v2\/media?parent=14165"}],"wp:term":[{"taxonomy":"product_brand","embeddable":true,"href":"https:\/\/hexexist.com\/tr\/wp-json\/wp\/v2\/product_brand?post=14165"},{"taxonomy":"product_cat","embeddable":true,"href":"https:\/\/hexexist.com\/tr\/wp-json\/wp\/v2\/product_cat?post=14165"},{"taxonomy":"product_tag","embeddable":true,"href":"https:\/\/hexexist.com\/tr\/wp-json\/wp\/v2\/product_tag?post=14165"}],"curies":[{"name":"wp","href":"https:\/\/api.w.org\/{rel}","templated":true}]}}